{"id":18321,"date":"2024-01-16T12:15:52","date_gmt":"2024-01-16T12:15:52","guid":{"rendered":"https:\/\/avanzakayak.witty-fox.com\/?post_type=product&#038;p=18321"},"modified":"2024-01-23T22:22:35","modified_gmt":"2024-01-23T22:22:35","slug":"optimus-vega","status":"publish","type":"product","link":"https:\/\/avanzakayak.witty-fox.com\/sv\/produkt\/optimus-vega\/","title":{"rendered":"Optimus Vega gask\u00f6k"},"content":{"rendered":"<p><strong>Optimus Vega<\/strong>\u00a0\u00e4r ett effektivt och l\u00e4tt spindelk\u00f6k f\u00f6r anv\u00e4ndning \u00e5ret runt. Problemet med gask\u00f6k har alltid varit att effekten blir riktigt usel n\u00e4r det \u00e4r kallt. Men med Vega har man l\u00f6st det p\u00e5 smidigt s\u00e4tt. N\u00e4r det \u00e4r kallt f\u00e4ller du ut st\u00f6dbenen ovanf\u00f6r gasbeh\u00e5llaren och v\u00e4nder den helt enkelt upp och ner. P\u00e5 s\u00e5 s\u00e4tt kommer k\u00f6ket drivas av flytande gas och du beh\u00e5ller mycket av effekten. Har du br\u00e5ttom eller \u00e4r extremt hungrig kan du k\u00f6ra i &#8220;vinterl\u00e4ge&#8221; \u00e4ven n\u00e4r det \u00e4r varmt ute. D\u00e5 \u00f6kar effekten och du f\u00e5r snabbare koktid. Det g\u00e5r dock \u00e5t mycket gas s\u00e5 man ska inte k\u00f6ra i det l\u00e4get bara f\u00f6r att det \u00e4r kul. \u00c4r det varmare b\u00f6r man ha beh\u00e5llaren i traditionellt l\u00e4ge, det blir mest ekonomiskt. Om gasen b\u00f6rjar ta slut, kan du reglera l\u00e5gan till &#8220;Efficiency Mode&#8221;, snikl\u00e4ge p\u00e5 svenska. D\u00e5 utnyttjar du gasen optimalt, det blir dock lite l\u00e4ngre koktid. Optimus Vega har den l\u00e4gsta profilen i den h\u00e4r kategorin av k\u00f6k, vilket ger en oslagbar stabilitet och g\u00f6r att du utan problem kan anv\u00e4nda lite st\u00f6rre grytor och k\u00e4rl.<\/p>\n<p>\u200b<strong>Egenskaper f\u00f6r Optimus Vega:<\/strong><\/p>\n<p>Br\u00e4nsle: Gas (Butan\/Isobutan\/Propan Gas).<\/p>\n<p>Koktid: 3 &#8211; 4,5 minut (1 liter vatten).<\/p>\n<p>Effekt: 2600 W.<\/p>\n<p>Storlek: 13x7x6,5 cm (packm\u00e5tt).<\/p>\n<p>Vikt: 178 gram.<\/p>\n<p>Material: rostfritt st\u00e5l och aluminium.<\/p>\n<p>Vindskydd och packp\u00e5se medf\u00f6ljer.<\/p>\n<p><a title=\"Optimus Vega\" href=\"https:\/\/www.youtube.com\/watch?v=OMEI3by760c#Optimus%20Vega\"><img decoding=\"async\" title=\"YouTube_logo-2.png\" src=\"https:\/\/avanzakayak.com\/img\/YouTube_logo-2.png\" alt=\"YouTube_logo-2.png\" \/><\/a><\/p>","protected":false},"excerpt":{"rendered":"<p><strong>Optimus Vega<\/strong>\u00a0\u00e4r ett effektivt och l\u00e4tt spindelk\u00f6k f\u00f6r anv\u00e4ndning \u00e5ret runt. Problemet med gask\u00f6k har alltid varit att effekten blir riktigt usel n\u00e4r det \u00e4r kallt. Men med Vega har man l\u00f6st det p\u00e5 smidigt s\u00e4tt. N\u00e4r det \u00e4r kallt f\u00e4ller du ut st\u00f6dbenen ovanf\u00f6r gasbeh\u00e5llaren och v\u00e4nder den helt enkelt upp och ner.<\/p>","protected":false},"featured_media":18322,"comment_status":"open","ping_status":"closed","template":"","meta":[],"product_cat":[133],"product_tag":[],"_links":{"self":[{"href":"https:\/\/avanzakayak.witty-fox.com\/sv\/wp-json\/wp\/v2\/product\/18321"}],"collection":[{"href":"https:\/\/avanzakayak.witty-fox.com\/sv\/wp-json\/wp\/v2\/product"}],"about":[{"href":"https:\/\/avanzakayak.witty-fox.com\/sv\/wp-json\/wp\/v2\/types\/product"}],"replies":[{"embeddable":true,"href":"https:\/\/avanzakayak.witty-fox.com\/sv\/wp-json\/wp\/v2\/comments?post=18321"}],"version-history":[{"count":2,"href":"https:\/\/avanzakayak.witty-fox.com\/sv\/wp-json\/wp\/v2\/product\/18321\/revisions"}],"predecessor-version":[{"id":18424,"href":"https:\/\/avanzakayak.witty-fox.com\/sv\/wp-json\/wp\/v2\/product\/18321\/revisions\/18424"}],"wp:featuredmedia":[{"embeddable":true,"href":"https:\/\/avanzakayak.witty-fox.com\/sv\/wp-json\/wp\/v2\/media\/18322"}],"wp:attachment":[{"href":"https:\/\/avanzakayak.witty-fox.com\/sv\/wp-json\/wp\/v2\/media?parent=18321"}],"wp:term":[{"taxonomy":"product_cat","embeddable":true,"href":"https:\/\/avanzakayak.witty-fox.com\/sv\/wp-json\/wp\/v2\/product_cat?post=18321"},{"taxonomy":"product_tag","embeddable":true,"href":"https:\/\/avanzakayak.witty-fox.com\/sv\/wp-json\/wp\/v2\/product_tag?post=18321"}],"curies":[{"name":"wp","href":"https:\/\/api.w.org\/{rel}","templated":true}]}}