{"id":18312,"date":"2024-01-16T12:10:20","date_gmt":"2024-01-16T12:10:20","guid":{"rendered":"https:\/\/avanzakayak.witty-fox.com\/?post_type=product&#038;p=18312"},"modified":"2024-01-23T22:28:24","modified_gmt":"2024-01-23T22:28:24","slug":"optimus-crux","status":"publish","type":"product","link":"https:\/\/avanzakayak.witty-fox.com\/sv\/produkt\/optimus-crux\/","title":{"rendered":"Optimus Crux\u00a0gask\u00f6k"},"content":{"rendered":"<p><strong>Optimus Crux<\/strong>\u00a0med kokk\u00e4rlssats Terra Weekend \u00e4r en effektiv k\u00f6kssats i 3 delar. Setet inneh\u00e5ller en ihopf\u00e4llbar Crux-br\u00e4nnare, 0,95 L kastrull och en stekpanna som \u00e4ven fungerar som lock. Ing\u00e5r g\u00f6r \u00e4ven n\u00e4tp\u00e5se f\u00f6r f\u00f6rvaring, neoprenp\u00e5se f\u00f6r br\u00e4nnaren. Br\u00e4nnaren kan\u00a0f\u00f6rvaras tillsammans med en gasflaska (ing\u00e5r ej) inuti kokk\u00e4rlssatsen.<\/p>\n<p><strong>Egenskaper f\u00f6r Crux med kokk\u00e4rlssats Terra Weekend:<\/strong><\/p>\n<p>Koktid: ca 3 min (1 liter vatten).<\/p>\n<p>Brinntid: upp till 60 min p\u00e5 max effekt (230 g gasflaska).<\/p>\n<p>Storlek: 12,4&#215;16,5 cm.<\/p>\n<p>Vikt: 275 g.<\/p>\n<p>Br\u00e4nsletyp: gasflaska med butan, propan, isobutan.<\/p>\n<p>Kitet inneh\u00e5ller: Terra Weekend k\u00f6kssats och Crux br\u00e4nnare.<\/p>\n<p>Pris: 940:-<\/p>\n<p>Pris inkl Clip-On Windshield: 1 000:-<\/p>","protected":false},"excerpt":{"rendered":"<p><strong>Optimus Crux<\/strong>\u00a0med kokk\u00e4rlssats Terra Weekend \u00e4r en effektiv k\u00f6kssats i 3 delar. Setet inneh\u00e5ller en ihopf\u00e4llbar Crux-br\u00e4nnare, 0,95 L kastrull och en stekpanna som \u00e4ven fungerar som lock. Ing\u00e5r g\u00f6r \u00e4ven n\u00e4tp\u00e5se f\u00f6r f\u00f6rvaring, neoprenp\u00e5se f\u00f6r br\u00e4nnaren.<\/p>","protected":false},"featured_media":18316,"comment_status":"open","ping_status":"closed","template":"","meta":[],"product_cat":[133],"product_tag":[],"_links":{"self":[{"href":"https:\/\/avanzakayak.witty-fox.com\/sv\/wp-json\/wp\/v2\/product\/18312"}],"collection":[{"href":"https:\/\/avanzakayak.witty-fox.com\/sv\/wp-json\/wp\/v2\/product"}],"about":[{"href":"https:\/\/avanzakayak.witty-fox.com\/sv\/wp-json\/wp\/v2\/types\/product"}],"replies":[{"embeddable":true,"href":"https:\/\/avanzakayak.witty-fox.com\/sv\/wp-json\/wp\/v2\/comments?post=18312"}],"version-history":[{"count":3,"href":"https:\/\/avanzakayak.witty-fox.com\/sv\/wp-json\/wp\/v2\/product\/18312\/revisions"}],"predecessor-version":[{"id":18427,"href":"https:\/\/avanzakayak.witty-fox.com\/sv\/wp-json\/wp\/v2\/product\/18312\/revisions\/18427"}],"wp:featuredmedia":[{"embeddable":true,"href":"https:\/\/avanzakayak.witty-fox.com\/sv\/wp-json\/wp\/v2\/media\/18316"}],"wp:attachment":[{"href":"https:\/\/avanzakayak.witty-fox.com\/sv\/wp-json\/wp\/v2\/media?parent=18312"}],"wp:term":[{"taxonomy":"product_cat","embeddable":true,"href":"https:\/\/avanzakayak.witty-fox.com\/sv\/wp-json\/wp\/v2\/product_cat?post=18312"},{"taxonomy":"product_tag","embeddable":true,"href":"https:\/\/avanzakayak.witty-fox.com\/sv\/wp-json\/wp\/v2\/product_tag?post=18312"}],"curies":[{"name":"wp","href":"https:\/\/api.w.org\/{rel}","templated":true}]}}