{"id":18305,"date":"2024-01-16T12:01:26","date_gmt":"2024-01-16T12:01:26","guid":{"rendered":"https:\/\/avanzakayak.witty-fox.com\/?post_type=product&#038;p=18305"},"modified":"2024-01-23T22:30:14","modified_gmt":"2024-01-23T22:30:14","slug":"briv-vedkok","status":"publish","type":"product","link":"https:\/\/avanzakayak.witty-fox.com\/sv\/produkt\/briv-vedkok\/","title":{"rendered":"BRIV vedk\u00f6k"},"content":{"rendered":"","protected":false},"excerpt":{"rendered":"<p><strong>BRIV vedk\u00f6k<\/strong>. Ihopf\u00e4llbart litet k\u00f6k i rosfritt st\u00e5l som kan eldas med pinnar eller med stormk\u00f6ksbr\u00e4nnare. Koka kaffe, te eller v\u00e4rm mat i en kastrull. N\u00e4r k\u00f6ket \u00e4r ihopf\u00e4llt f\u00e5r den plats i en benficka.<\/p>\n<p>Storlek uppf\u00e4llt: 16x16x18 cm.<\/p>\n<p>Vikt: 278 g.<\/p>\n<p>&nbsp;<\/p>","protected":false},"featured_media":18307,"comment_status":"open","ping_status":"closed","template":"","meta":[],"product_cat":[133],"product_tag":[],"_links":{"self":[{"href":"https:\/\/avanzakayak.witty-fox.com\/sv\/wp-json\/wp\/v2\/product\/18305"}],"collection":[{"href":"https:\/\/avanzakayak.witty-fox.com\/sv\/wp-json\/wp\/v2\/product"}],"about":[{"href":"https:\/\/avanzakayak.witty-fox.com\/sv\/wp-json\/wp\/v2\/types\/product"}],"replies":[{"embeddable":true,"href":"https:\/\/avanzakayak.witty-fox.com\/sv\/wp-json\/wp\/v2\/comments?post=18305"}],"version-history":[{"count":2,"href":"https:\/\/avanzakayak.witty-fox.com\/sv\/wp-json\/wp\/v2\/product\/18305\/revisions"}],"predecessor-version":[{"id":18429,"href":"https:\/\/avanzakayak.witty-fox.com\/sv\/wp-json\/wp\/v2\/product\/18305\/revisions\/18429"}],"wp:featuredmedia":[{"embeddable":true,"href":"https:\/\/avanzakayak.witty-fox.com\/sv\/wp-json\/wp\/v2\/media\/18307"}],"wp:attachment":[{"href":"https:\/\/avanzakayak.witty-fox.com\/sv\/wp-json\/wp\/v2\/media?parent=18305"}],"wp:term":[{"taxonomy":"product_cat","embeddable":true,"href":"https:\/\/avanzakayak.witty-fox.com\/sv\/wp-json\/wp\/v2\/product_cat?post=18305"},{"taxonomy":"product_tag","embeddable":true,"href":"https:\/\/avanzakayak.witty-fox.com\/sv\/wp-json\/wp\/v2\/product_tag?post=18305"}],"curies":[{"name":"wp","href":"https:\/\/api.w.org\/{rel}","templated":true}]}}