{"id":18302,"date":"2024-01-16T11:55:53","date_gmt":"2024-01-16T11:55:53","guid":{"rendered":"https:\/\/avanzakayak.witty-fox.com\/?post_type=product&#038;p=18302"},"modified":"2024-01-23T22:34:02","modified_gmt":"2024-01-23T22:34:02","slug":"helinox-chair-ball-feet-55-mm","status":"publish","type":"product","link":"https:\/\/avanzakayak.witty-fox.com\/sv\/produkt\/helinox-chair-ball-feet-55-mm\/","title":{"rendered":"Helinox Chair Ball Feet 55 mm"},"content":{"rendered":"","protected":false},"excerpt":{"rendered":"<p><span lang=\"EN-US\"><strong>Helinox Chair Ball Feet 55 mm<\/strong>.\u00a0<\/span>Mjuka silikontassar till Helinox campingstolar som g\u00f6r att de st\u00e5r stadigare p\u00e5 mjukt underlag som exempelvis sand.\u00a0<span lang=\"EN-US\">Passar till Chair One XL, Camp Chair, Sunset Chair, Sunset Chair Home, Tactical Sunset Chair och Swivel Chair. F\u00f6rpackning om 4 st.<\/span><\/p>\n<p>&nbsp;<\/p>\n<p>\u200b<\/p>","protected":false},"featured_media":18431,"comment_status":"open","ping_status":"closed","template":"","meta":[],"product_cat":[105],"product_tag":[],"_links":{"self":[{"href":"https:\/\/avanzakayak.witty-fox.com\/sv\/wp-json\/wp\/v2\/product\/18302"}],"collection":[{"href":"https:\/\/avanzakayak.witty-fox.com\/sv\/wp-json\/wp\/v2\/product"}],"about":[{"href":"https:\/\/avanzakayak.witty-fox.com\/sv\/wp-json\/wp\/v2\/types\/product"}],"replies":[{"embeddable":true,"href":"https:\/\/avanzakayak.witty-fox.com\/sv\/wp-json\/wp\/v2\/comments?post=18302"}],"version-history":[{"count":3,"href":"https:\/\/avanzakayak.witty-fox.com\/sv\/wp-json\/wp\/v2\/product\/18302\/revisions"}],"predecessor-version":[{"id":18433,"href":"https:\/\/avanzakayak.witty-fox.com\/sv\/wp-json\/wp\/v2\/product\/18302\/revisions\/18433"}],"wp:featuredmedia":[{"embeddable":true,"href":"https:\/\/avanzakayak.witty-fox.com\/sv\/wp-json\/wp\/v2\/media\/18431"}],"wp:attachment":[{"href":"https:\/\/avanzakayak.witty-fox.com\/sv\/wp-json\/wp\/v2\/media?parent=18302"}],"wp:term":[{"taxonomy":"product_cat","embeddable":true,"href":"https:\/\/avanzakayak.witty-fox.com\/sv\/wp-json\/wp\/v2\/product_cat?post=18302"},{"taxonomy":"product_tag","embeddable":true,"href":"https:\/\/avanzakayak.witty-fox.com\/sv\/wp-json\/wp\/v2\/product_tag?post=18302"}],"curies":[{"name":"wp","href":"https:\/\/api.w.org\/{rel}","templated":true}]}}