{"id":18297,"date":"2024-01-16T11:50:12","date_gmt":"2024-01-16T11:50:12","guid":{"rendered":"https:\/\/avanzakayak.witty-fox.com\/?post_type=product&#038;p=18297"},"modified":"2024-01-23T22:34:54","modified_gmt":"2024-01-23T22:34:54","slug":"18297","status":"publish","type":"product","link":"https:\/\/avanzakayak.witty-fox.com\/sv\/produkt\/18297\/","title":{"rendered":"Helinox Chair One XL"},"content":{"rendered":"<p><strong>Helinox Chair One XL<\/strong>\u00a0\u00e4r den st\u00f6rsta och rymligaste varianten av Helinox l\u00e4tta campingstol Chair One. Det \u00e4r en l\u00e4tt hopf\u00e4llbar stol som tar s\u00e5 liten plats i v\u00e4skan att den f\u00e5r h\u00e4nga med p\u00e5 s\u00e5v\u00e4l kajakturen, vandringen och resan som p\u00e5 jakten eller i campingbussen. Chair One XL har en st\u00f6rre sits \u00e4n den klassiska Chair One och en n\u00e5got h\u00f6gre sitth\u00f6jd och ryggh\u00f6jd. Stolen \u00e4r tillverkad i l\u00e4tta och slitstarka t\u00e4ltb\u00e5gar i en milj\u00f6v\u00e4nligt anodiserad aluminiumlegering. Kombinerat med en slitstark polyester och nylonmesh f\u00e5r du en l\u00e4tt och v\u00e4lventilerande stol som t\u00e5l upp till 145 kg! Levereras med en praktisk b\u00e4rv\u00e4ska.<\/p>\n<p>Bredd: 59\u00a0cm.<\/p>\n<p>Djup: 68\u00a0cm.<\/p>\n<p>H\u00f6jd: 89 cm.<\/p>\n<p>Sitth\u00f6jd (l\u00e4gsta ovanf\u00f6r marken) ca: 47 cm.<\/p>\n<p>Packstorlek: 47x12x13\u00a0cm.<\/p>\n<p>Vikt: 1505 gram + 105 gram b\u00e4rv\u00e4ska.<\/p>\n<p>Kapacitet: 145 kg.<\/p>\n<p>F\u00e4rg: Svart och Bl\u00e5<\/p>\n<p>&nbsp;<\/p>","protected":false},"excerpt":{"rendered":"<p><strong>Helinox Chair One XL<\/strong>\u00a0\u00e4r den st\u00f6rsta och rymligaste varianten av Helinox l\u00e4tta campingstol Chair One. Det \u00e4r en l\u00e4tt hopf\u00e4llbar stol som tar s\u00e5 liten plats i v\u00e4skan att den f\u00e5r h\u00e4nga med p\u00e5 s\u00e5v\u00e4l kajakturen, vandringen och resan som p\u00e5 jakten eller i campingbussen.<\/p>","protected":false},"featured_media":18300,"comment_status":"open","ping_status":"closed","template":"","meta":[],"product_cat":[105],"product_tag":[],"_links":{"self":[{"href":"https:\/\/avanzakayak.witty-fox.com\/sv\/wp-json\/wp\/v2\/product\/18297"}],"collection":[{"href":"https:\/\/avanzakayak.witty-fox.com\/sv\/wp-json\/wp\/v2\/product"}],"about":[{"href":"https:\/\/avanzakayak.witty-fox.com\/sv\/wp-json\/wp\/v2\/types\/product"}],"replies":[{"embeddable":true,"href":"https:\/\/avanzakayak.witty-fox.com\/sv\/wp-json\/wp\/v2\/comments?post=18297"}],"version-history":[{"count":2,"href":"https:\/\/avanzakayak.witty-fox.com\/sv\/wp-json\/wp\/v2\/product\/18297\/revisions"}],"predecessor-version":[{"id":18301,"href":"https:\/\/avanzakayak.witty-fox.com\/sv\/wp-json\/wp\/v2\/product\/18297\/revisions\/18301"}],"wp:featuredmedia":[{"embeddable":true,"href":"https:\/\/avanzakayak.witty-fox.com\/sv\/wp-json\/wp\/v2\/media\/18300"}],"wp:attachment":[{"href":"https:\/\/avanzakayak.witty-fox.com\/sv\/wp-json\/wp\/v2\/media?parent=18297"}],"wp:term":[{"taxonomy":"product_cat","embeddable":true,"href":"https:\/\/avanzakayak.witty-fox.com\/sv\/wp-json\/wp\/v2\/product_cat?post=18297"},{"taxonomy":"product_tag","embeddable":true,"href":"https:\/\/avanzakayak.witty-fox.com\/sv\/wp-json\/wp\/v2\/product_tag?post=18297"}],"curies":[{"name":"wp","href":"https:\/\/api.w.org\/{rel}","templated":true}]}}