{"id":18293,"date":"2024-01-16T11:47:59","date_gmt":"2024-01-16T11:47:59","guid":{"rendered":"https:\/\/avanzakayak.witty-fox.com\/?post_type=product&#038;p=18293"},"modified":"2024-01-23T22:35:57","modified_gmt":"2024-01-23T22:35:57","slug":"leki-table-xd-lite","status":"publish","type":"product","link":"https:\/\/avanzakayak.witty-fox.com\/sv\/produkt\/leki-table-xd-lite\/","title":{"rendered":"Leki Table XD Lite"},"content":{"rendered":"","protected":false},"excerpt":{"rendered":"<p><strong>Leki Table XD Lite<\/strong>. Praktisk hopf\u00e4llbart l\u00e4ttviktsbord med solid fackverkskonstruerad bordsskiva i plast. Borsskivan har m\u00e5tten 60&#215;40 cm och h\u00f6jd 40 cm.<\/p>\n<p>Bordet klarar en belastning upp till 50 kg.<\/p>\n<p>Packstorlek 16x43x14 cm.<\/p>\n<p>Vikt:\u00a0860 g.<\/p>\n<p>F\u00f6rvaringsfodral medf\u00f6ljer<\/p>","protected":false},"featured_media":18294,"comment_status":"open","ping_status":"closed","template":"","meta":[],"product_cat":[105],"product_tag":[],"_links":{"self":[{"href":"https:\/\/avanzakayak.witty-fox.com\/sv\/wp-json\/wp\/v2\/product\/18293"}],"collection":[{"href":"https:\/\/avanzakayak.witty-fox.com\/sv\/wp-json\/wp\/v2\/product"}],"about":[{"href":"https:\/\/avanzakayak.witty-fox.com\/sv\/wp-json\/wp\/v2\/types\/product"}],"replies":[{"embeddable":true,"href":"https:\/\/avanzakayak.witty-fox.com\/sv\/wp-json\/wp\/v2\/comments?post=18293"}],"version-history":[{"count":3,"href":"https:\/\/avanzakayak.witty-fox.com\/sv\/wp-json\/wp\/v2\/product\/18293\/revisions"}],"predecessor-version":[{"id":18434,"href":"https:\/\/avanzakayak.witty-fox.com\/sv\/wp-json\/wp\/v2\/product\/18293\/revisions\/18434"}],"wp:featuredmedia":[{"embeddable":true,"href":"https:\/\/avanzakayak.witty-fox.com\/sv\/wp-json\/wp\/v2\/media\/18294"}],"wp:attachment":[{"href":"https:\/\/avanzakayak.witty-fox.com\/sv\/wp-json\/wp\/v2\/media?parent=18293"}],"wp:term":[{"taxonomy":"product_cat","embeddable":true,"href":"https:\/\/avanzakayak.witty-fox.com\/sv\/wp-json\/wp\/v2\/product_cat?post=18293"},{"taxonomy":"product_tag","embeddable":true,"href":"https:\/\/avanzakayak.witty-fox.com\/sv\/wp-json\/wp\/v2\/product_tag?post=18293"}],"curies":[{"name":"wp","href":"https:\/\/api.w.org\/{rel}","templated":true}]}}