{"id":18285,"date":"2024-01-16T11:16:31","date_gmt":"2024-01-16T11:16:31","guid":{"rendered":"https:\/\/avanzakayak.witty-fox.com\/?post_type=product&#038;p=18285"},"modified":"2024-01-23T22:37:51","modified_gmt":"2024-01-23T22:37:51","slug":"fardiland-hangmatta-2","status":"publish","type":"product","link":"https:\/\/avanzakayak.witty-fox.com\/sv\/produkt\/fardiland-hangmatta-2\/","title":{"rendered":"F\u00e4rdiland\u2122\u00a0h\u00e4ngmatta"},"content":{"rendered":"<p><strong>F\u00e4rdiland<sup>\u2122\u00a0<\/sup>h\u00e4ngmatta<\/strong>\u00a0f\u00f6r avkoppling och vila efter\u00a0en dags paddling. Tillverkad i polyester,samma\u00a0starka n\u00e4ttyg i som n\u00e4tvaggan till kajakk\u00e4rran.\u00a0Tv\u00e5 av r\u00f6ren fr\u00e5n k\u00e4rran\/riggen anv\u00e4nds f\u00f6r att sp\u00e4nna ut n\u00e4tet i \u00e4ndarna f\u00f6r b\u00e4sta liggkomfort.\u00a0Allt h\u00e4ngs upp med linor som ing\u00e5r. Upph\u00e4ngningspunkterna ska vara robusta, inte vassa och minst 3,2 m ifr\u00e5n varandra (karbinhakar och r\u00f6r ing\u00e5r inte, d\u00e4remot p\u00e5lstekar).<\/p>\n<p>M\u00e5tt: 70&#215;210 cm.<\/p>\n<p>Vikt (utan r\u00f6r): 450 g.<\/p>\n<p>F\u00e4rg: Svart<\/p>\n<p>Pris: 990:- exkl r\u00f6r f\u00f6r upph\u00e4nkgning f\u00f6r dig som redan har\u00a0<a href=\"http:\/\/www.avanzakayak.com\/Transport.htm\">F\u00e4rdiland kajakk\u00e4rra<\/a><\/p>\n<p>Pris: 1 090:- inkl r\u00f6r f\u00f6r upph\u00e4ngning<\/p>","protected":false},"excerpt":{"rendered":"<p><strong>F\u00e4rdiland<sup>\u2122\u00a0<\/sup>h\u00e4ngmatta<\/strong>\u00a0f\u00f6r avkoppling och vila efter\u00a0en dags paddling. Tillverkad i polyester,samma\u00a0starka n\u00e4ttyg i som n\u00e4tvaggan till kajakk\u00e4rran.\u00a0Tv\u00e5 av r\u00f6ren fr\u00e5n k\u00e4rran\/riggen anv\u00e4nds f\u00f6r att sp\u00e4nna ut n\u00e4tet i \u00e4ndarna f\u00f6r b\u00e4sta liggkomfort.<\/p>","protected":false},"featured_media":18288,"comment_status":"open","ping_status":"closed","template":"","meta":[],"product_cat":[103],"product_tag":[],"_links":{"self":[{"href":"https:\/\/avanzakayak.witty-fox.com\/sv\/wp-json\/wp\/v2\/product\/18285"}],"collection":[{"href":"https:\/\/avanzakayak.witty-fox.com\/sv\/wp-json\/wp\/v2\/product"}],"about":[{"href":"https:\/\/avanzakayak.witty-fox.com\/sv\/wp-json\/wp\/v2\/types\/product"}],"replies":[{"embeddable":true,"href":"https:\/\/avanzakayak.witty-fox.com\/sv\/wp-json\/wp\/v2\/comments?post=18285"}],"version-history":[{"count":1,"href":"https:\/\/avanzakayak.witty-fox.com\/sv\/wp-json\/wp\/v2\/product\/18285\/revisions"}],"predecessor-version":[{"id":18289,"href":"https:\/\/avanzakayak.witty-fox.com\/sv\/wp-json\/wp\/v2\/product\/18285\/revisions\/18289"}],"wp:featuredmedia":[{"embeddable":true,"href":"https:\/\/avanzakayak.witty-fox.com\/sv\/wp-json\/wp\/v2\/media\/18288"}],"wp:attachment":[{"href":"https:\/\/avanzakayak.witty-fox.com\/sv\/wp-json\/wp\/v2\/media?parent=18285"}],"wp:term":[{"taxonomy":"product_cat","embeddable":true,"href":"https:\/\/avanzakayak.witty-fox.com\/sv\/wp-json\/wp\/v2\/product_cat?post=18285"},{"taxonomy":"product_tag","embeddable":true,"href":"https:\/\/avanzakayak.witty-fox.com\/sv\/wp-json\/wp\/v2\/product_tag?post=18285"}],"curies":[{"name":"wp","href":"https:\/\/api.w.org\/{rel}","templated":true}]}}