{"id":18272,"date":"2024-01-16T10:59:32","date_gmt":"2024-01-16T10:59:32","guid":{"rendered":"https:\/\/avanzakayak.witty-fox.com\/?post_type=product&#038;p=18272"},"modified":"2024-01-23T22:47:46","modified_gmt":"2024-01-23T22:47:46","slug":"mosquito-expedition-hammock","status":"publish","type":"product","link":"https:\/\/avanzakayak.witty-fox.com\/sv\/produkt\/mosquito-expedition-hammock\/","title":{"rendered":"Mosquito Expedition Hammock"},"content":{"rendered":"<p><strong>Mosquito Expedition Hammock<\/strong> \u00e4r tillverkad i ventilerande polyesterv\u00e4v med tv\u00e5 lager v\u00e4v i botten f\u00f6r placering av liggunderlag vid \u00f6vernattning under kalla f\u00f6rh\u00e5llanden. Myggn\u00e4t i ovandelen och l\u00e4ngs med ena l\u00e5ngsiden finns ett tv\u00e5v\u00e4gs blixtl\u00e5s f\u00f6r bekv\u00e4m in- och utg\u00e5ng i hammocken. I h\u00e4ngmattan finns en packficka f\u00f6r sm\u00e5saker och en l\u00e4ngsg\u00e5ende lina f\u00f6r upph\u00e4ngning av ficklampa mm. I b\u00e5da \u00e4ndarna finns plattband f\u00f6r upph\u00e4ngning. H\u00e4ngmattan kan med f\u00f6rdel kompletteras med en tarp. H\u00e4ngmattan klarar personer med l\u00e4ngd upp till 213 cm och med en vikt p\u00e5 113 kg.<\/p>\n<p>M\u00e5tt h\u00e4ngmatta: 300&#215;125 cm.<\/p>\n<p>M\u00e5tt packp\u00e5se: 10x10x30 cm.<\/p>\n<p>Vikt: 1,1 kg.<\/p>\n<p>F\u00e4rg: M\u00f6rkgr\u00f6n med orange packp\u00e5se.<\/p>\n<p>Tillval:\u00a0Mosquito Tarp.<\/p>","protected":false},"excerpt":{"rendered":"<p><strong>Mosquito Expedition Hammock<\/strong>\u00a0\u00e4r tillverkad i ventilerande polyesterv\u00e4v med tv\u00e5 lager v\u00e4v i botten f\u00f6r placering av liggunderlag vid \u00f6vernattning under kalla f\u00f6rh\u00e5llanden. Myggn\u00e4t i ovandelen och l\u00e4ngs med ena l\u00e5ngsiden finns ett tv\u00e5v\u00e4gs blixtl\u00e5s f\u00f6r bekv\u00e4m in- och utg\u00e5ng i hammocken.<\/p>\n<p>L\u00e4nkar (PDF):<\/p>\n<p><a href=\"https:\/\/avanzakayak.com\/Monteringsanvisning-hammock.pdf\">Moteringstips<\/a><\/p>\n<p><a href=\"https:\/\/avanzakayak.com\/Sov-baettre-i-hammock.pdf\">Intressant artikel i SvD om h\u00e4ngmattor<\/a><\/p>","protected":false},"featured_media":18273,"comment_status":"open","ping_status":"closed","template":"","meta":[],"product_cat":[103],"product_tag":[],"_links":{"self":[{"href":"https:\/\/avanzakayak.witty-fox.com\/sv\/wp-json\/wp\/v2\/product\/18272"}],"collection":[{"href":"https:\/\/avanzakayak.witty-fox.com\/sv\/wp-json\/wp\/v2\/product"}],"about":[{"href":"https:\/\/avanzakayak.witty-fox.com\/sv\/wp-json\/wp\/v2\/types\/product"}],"replies":[{"embeddable":true,"href":"https:\/\/avanzakayak.witty-fox.com\/sv\/wp-json\/wp\/v2\/comments?post=18272"}],"version-history":[{"count":4,"href":"https:\/\/avanzakayak.witty-fox.com\/sv\/wp-json\/wp\/v2\/product\/18272\/revisions"}],"predecessor-version":[{"id":18440,"href":"https:\/\/avanzakayak.witty-fox.com\/sv\/wp-json\/wp\/v2\/product\/18272\/revisions\/18440"}],"wp:featuredmedia":[{"embeddable":true,"href":"https:\/\/avanzakayak.witty-fox.com\/sv\/wp-json\/wp\/v2\/media\/18273"}],"wp:attachment":[{"href":"https:\/\/avanzakayak.witty-fox.com\/sv\/wp-json\/wp\/v2\/media?parent=18272"}],"wp:term":[{"taxonomy":"product_cat","embeddable":true,"href":"https:\/\/avanzakayak.witty-fox.com\/sv\/wp-json\/wp\/v2\/product_cat?post=18272"},{"taxonomy":"product_tag","embeddable":true,"href":"https:\/\/avanzakayak.witty-fox.com\/sv\/wp-json\/wp\/v2\/product_tag?post=18272"}],"curies":[{"name":"wp","href":"https:\/\/api.w.org\/{rel}","templated":true}]}}