{"id":18261,"date":"2024-01-16T10:44:43","date_gmt":"2024-01-16T10:44:43","guid":{"rendered":"https:\/\/avanzakayak.witty-fox.com\/?post_type=product&#038;p=18261"},"modified":"2024-01-23T22:51:43","modified_gmt":"2024-01-23T22:51:43","slug":"basicnature-y-stake","status":"publish","type":"product","link":"https:\/\/avanzakayak.witty-fox.com\/sv\/produkt\/basicnature-y-stake\/","title":{"rendered":"BasicNature Y-Stake"},"content":{"rendered":"","protected":false},"excerpt":{"rendered":"<p><strong>BasicNature Y-Stake<\/strong>. Mycket l\u00e4tt och robust t\u00e4ltpinne tillverkad i h\u00e4rdad aluminium. Y-form med reflekterande \u00f6gla. Levereras i f\u00f6rpackning om 5 st.<\/p>\n<p>L\u00e4ngd: 18 cm.<\/p>\n<p>Vikt: 14 g.<\/p>\n<p>F\u00e4rg: R\u00f6d.<\/p>","protected":false},"featured_media":18262,"comment_status":"open","ping_status":"closed","template":"","meta":[],"product_cat":[103],"product_tag":[],"_links":{"self":[{"href":"https:\/\/avanzakayak.witty-fox.com\/sv\/wp-json\/wp\/v2\/product\/18261"}],"collection":[{"href":"https:\/\/avanzakayak.witty-fox.com\/sv\/wp-json\/wp\/v2\/product"}],"about":[{"href":"https:\/\/avanzakayak.witty-fox.com\/sv\/wp-json\/wp\/v2\/types\/product"}],"replies":[{"embeddable":true,"href":"https:\/\/avanzakayak.witty-fox.com\/sv\/wp-json\/wp\/v2\/comments?post=18261"}],"version-history":[{"count":2,"href":"https:\/\/avanzakayak.witty-fox.com\/sv\/wp-json\/wp\/v2\/product\/18261\/revisions"}],"predecessor-version":[{"id":18442,"href":"https:\/\/avanzakayak.witty-fox.com\/sv\/wp-json\/wp\/v2\/product\/18261\/revisions\/18442"}],"wp:featuredmedia":[{"embeddable":true,"href":"https:\/\/avanzakayak.witty-fox.com\/sv\/wp-json\/wp\/v2\/media\/18262"}],"wp:attachment":[{"href":"https:\/\/avanzakayak.witty-fox.com\/sv\/wp-json\/wp\/v2\/media?parent=18261"}],"wp:term":[{"taxonomy":"product_cat","embeddable":true,"href":"https:\/\/avanzakayak.witty-fox.com\/sv\/wp-json\/wp\/v2\/product_cat?post=18261"},{"taxonomy":"product_tag","embeddable":true,"href":"https:\/\/avanzakayak.witty-fox.com\/sv\/wp-json\/wp\/v2\/product_tag?post=18261"}],"curies":[{"name":"wp","href":"https:\/\/api.w.org\/{rel}","templated":true}]}}