{"id":18258,"date":"2024-01-16T10:40:14","date_gmt":"2024-01-16T10:40:14","guid":{"rendered":"https:\/\/avanzakayak.witty-fox.com\/?post_type=product&#038;p=18258"},"modified":"2024-01-23T22:53:22","modified_gmt":"2024-01-23T22:53:22","slug":"hmg-taltpinnar","status":"publish","type":"product","link":"https:\/\/avanzakayak.witty-fox.com\/sv\/produkt\/hmg-taltpinnar\/","title":{"rendered":"HMG t\u00e4ltpinnar"},"content":{"rendered":"","protected":false},"excerpt":{"rendered":"<p><strong>HMG t\u00e4ltpinnar<\/strong>. L\u00e4tta och starka t\u00e4ltpinnar tillverkade i 7075-T9 aluminium. S\u00e4ljs i f\u00f6rpackning om 8 st.<\/p>\n<p>L\u00e4ngd: 20,3 cm.<\/p>\n<p>Diameter:\u00a0\u00a00,9 cm.<\/p>\n<p>Vikt: 12,7 g.<\/p>\n<p>&nbsp;<\/p>","protected":false},"featured_media":18259,"comment_status":"open","ping_status":"closed","template":"","meta":[],"product_cat":[103],"product_tag":[],"_links":{"self":[{"href":"https:\/\/avanzakayak.witty-fox.com\/sv\/wp-json\/wp\/v2\/product\/18258"}],"collection":[{"href":"https:\/\/avanzakayak.witty-fox.com\/sv\/wp-json\/wp\/v2\/product"}],"about":[{"href":"https:\/\/avanzakayak.witty-fox.com\/sv\/wp-json\/wp\/v2\/types\/product"}],"replies":[{"embeddable":true,"href":"https:\/\/avanzakayak.witty-fox.com\/sv\/wp-json\/wp\/v2\/comments?post=18258"}],"version-history":[{"count":2,"href":"https:\/\/avanzakayak.witty-fox.com\/sv\/wp-json\/wp\/v2\/product\/18258\/revisions"}],"predecessor-version":[{"id":18443,"href":"https:\/\/avanzakayak.witty-fox.com\/sv\/wp-json\/wp\/v2\/product\/18258\/revisions\/18443"}],"wp:featuredmedia":[{"embeddable":true,"href":"https:\/\/avanzakayak.witty-fox.com\/sv\/wp-json\/wp\/v2\/media\/18259"}],"wp:attachment":[{"href":"https:\/\/avanzakayak.witty-fox.com\/sv\/wp-json\/wp\/v2\/media?parent=18258"}],"wp:term":[{"taxonomy":"product_cat","embeddable":true,"href":"https:\/\/avanzakayak.witty-fox.com\/sv\/wp-json\/wp\/v2\/product_cat?post=18258"},{"taxonomy":"product_tag","embeddable":true,"href":"https:\/\/avanzakayak.witty-fox.com\/sv\/wp-json\/wp\/v2\/product_tag?post=18258"}],"curies":[{"name":"wp","href":"https:\/\/api.w.org\/{rel}","templated":true}]}}