{"id":18252,"date":"2024-01-16T10:31:02","date_gmt":"2024-01-16T10:31:02","guid":{"rendered":"https:\/\/avanzakayak.witty-fox.com\/?post_type=product&#038;p=18252"},"modified":"2024-01-23T22:55:47","modified_gmt":"2024-01-23T22:55:47","slug":"mg-taltlina-som-ar-tillverkad-i-uhmwpe-ultra-high-molecular-weight-polyethylene","status":"publish","type":"product","link":"https:\/\/avanzakayak.witty-fox.com\/sv\/produkt\/mg-taltlina-som-ar-tillverkad-i-uhmwpe-ultra-high-molecular-weight-polyethylene\/","title":{"rendered":"HMG t\u00e4ltlina"},"content":{"rendered":"","protected":false},"excerpt":{"rendered":"<p><strong>HMG t\u00e4ltlina som \u00e4r t<\/strong>illverkad i UHMWPE (ultra-high-molecular-weight polyethylene) k\u00e4rna som anv\u00e4nds i HMG:s ultral\u00e4tta t\u00e4lt. Linan har ett polyesterh\u00f6lje som \u00e4r 30 % l\u00e4ttare \u00e4n nylon, som inte absorberar vatten.<\/p>\n<p>Dimension:\u00a02,8\u00a0mm.<\/p>\n<p>L\u00e4ngd: 15,25 m.<\/p>\n<p>Vikt: 54 g.<\/p>\n<p>F\u00e4rg:\u00a0Bl\u00e5\/Vit.<\/p>\n<p>&nbsp;<\/p>\n<p>\u200b<\/p>","protected":false},"featured_media":18253,"comment_status":"open","ping_status":"closed","template":"","meta":[],"product_cat":[103],"product_tag":[],"_links":{"self":[{"href":"https:\/\/avanzakayak.witty-fox.com\/sv\/wp-json\/wp\/v2\/product\/18252"}],"collection":[{"href":"https:\/\/avanzakayak.witty-fox.com\/sv\/wp-json\/wp\/v2\/product"}],"about":[{"href":"https:\/\/avanzakayak.witty-fox.com\/sv\/wp-json\/wp\/v2\/types\/product"}],"replies":[{"embeddable":true,"href":"https:\/\/avanzakayak.witty-fox.com\/sv\/wp-json\/wp\/v2\/comments?post=18252"}],"version-history":[{"count":2,"href":"https:\/\/avanzakayak.witty-fox.com\/sv\/wp-json\/wp\/v2\/product\/18252\/revisions"}],"predecessor-version":[{"id":18444,"href":"https:\/\/avanzakayak.witty-fox.com\/sv\/wp-json\/wp\/v2\/product\/18252\/revisions\/18444"}],"wp:featuredmedia":[{"embeddable":true,"href":"https:\/\/avanzakayak.witty-fox.com\/sv\/wp-json\/wp\/v2\/media\/18253"}],"wp:attachment":[{"href":"https:\/\/avanzakayak.witty-fox.com\/sv\/wp-json\/wp\/v2\/media?parent=18252"}],"wp:term":[{"taxonomy":"product_cat","embeddable":true,"href":"https:\/\/avanzakayak.witty-fox.com\/sv\/wp-json\/wp\/v2\/product_cat?post=18252"},{"taxonomy":"product_tag","embeddable":true,"href":"https:\/\/avanzakayak.witty-fox.com\/sv\/wp-json\/wp\/v2\/product_tag?post=18252"}],"curies":[{"name":"wp","href":"https:\/\/api.w.org\/{rel}","templated":true}]}}