{"id":18249,"date":"2024-01-16T10:27:04","date_gmt":"2024-01-16T10:27:04","guid":{"rendered":"https:\/\/avanzakayak.witty-fox.com\/?post_type=product&#038;p=18249"},"modified":"2024-01-25T11:47:31","modified_gmt":"2024-01-25T11:47:31","slug":"hmg-ultamid-4-insert-with-ccf11-floor","status":"publish","type":"product","link":"https:\/\/avanzakayak.witty-fox.com\/sv\/produkt\/hmg-ultamid-4-insert-with-ccf11-floor\/","title":{"rendered":"HMG UltaMid 4 Insert with CCF11 floor"},"content":{"rendered":"<p><span lang=\"EN-US\"><strong>HMG UltaMid 4 Insert with CCF11 floor<\/strong>.\u00a0<\/span>Denna fyrv\u00e4ggs UltaMid 4-innert\u00e4lt har &#8220;no-see-um&#8221; mesh och ett t\u00e4ltgolv i Dyneemav\u00e4v som kan anv\u00e4ndas frist\u00e5ende eller som innert\u00e4lt till UltraMid 4. Det vattent\u00e4ta DCF11-t\u00e4ltgolvet, som g\u00e5r upp en bit runt sidorna, som ger ett utm\u00e4rkt skydd i d\u00e5ligt v\u00e4der. Innert\u00e4ltet \u00e4r marginellt mindre \u00e4n ytterm\u00e5tten av UltaMid 4, d\u00e5 den aldrig vidr\u00f6r v\u00e4ggarna och h\u00e5ller kondens till ett minimum.<\/p>\n<p>M\u00e5tt: 256,5&#215;265,5 cm.<\/p>\n<p>H\u00f6jd: 190,5 cm.<\/p>\n<p>Vikt: 798 g.<\/p>\n<p><a title=\"HMG UltaMid 4 Insert with floor\" href=\"https:\/\/player.vimeo.com\/video\/152085563#HMG%20UltaMid%204%20Insert%20with%20floor\"><img decoding=\"async\" title=\"Vimeo_logo-2.jpg\" src=\"https:\/\/avanzakayak.com\/img\/Vimeo_logo-2.png\" alt=\"Vimeo_logo-2.jpg\" \/><\/a><\/p>\n<p>\u200b<\/p>\n<p>\u200b<\/p>\n<p>\u200b<\/p>","protected":false},"excerpt":{"rendered":"<p><span lang=\"EN-US\"><strong>HMG UltaMid 4 Insert with CCF11 floor<\/strong>.\u00a0<\/span>Denna fyrv\u00e4ggs UltaMid 4-innert\u00e4lt har &#8220;no-see-um&#8221; mesh och ett t\u00e4ltgolv i Dyneemav\u00e4v som kan anv\u00e4ndas frist\u00e5ende eller som innert\u00e4lt till UltraMid 4.<\/p>","protected":false},"featured_media":18250,"comment_status":"open","ping_status":"closed","template":"","meta":[],"product_cat":[103],"product_tag":[],"_links":{"self":[{"href":"https:\/\/avanzakayak.witty-fox.com\/sv\/wp-json\/wp\/v2\/product\/18249"}],"collection":[{"href":"https:\/\/avanzakayak.witty-fox.com\/sv\/wp-json\/wp\/v2\/product"}],"about":[{"href":"https:\/\/avanzakayak.witty-fox.com\/sv\/wp-json\/wp\/v2\/types\/product"}],"replies":[{"embeddable":true,"href":"https:\/\/avanzakayak.witty-fox.com\/sv\/wp-json\/wp\/v2\/comments?post=18249"}],"version-history":[{"count":2,"href":"https:\/\/avanzakayak.witty-fox.com\/sv\/wp-json\/wp\/v2\/product\/18249\/revisions"}],"predecessor-version":[{"id":18445,"href":"https:\/\/avanzakayak.witty-fox.com\/sv\/wp-json\/wp\/v2\/product\/18249\/revisions\/18445"}],"wp:featuredmedia":[{"embeddable":true,"href":"https:\/\/avanzakayak.witty-fox.com\/sv\/wp-json\/wp\/v2\/media\/18250"}],"wp:attachment":[{"href":"https:\/\/avanzakayak.witty-fox.com\/sv\/wp-json\/wp\/v2\/media?parent=18249"}],"wp:term":[{"taxonomy":"product_cat","embeddable":true,"href":"https:\/\/avanzakayak.witty-fox.com\/sv\/wp-json\/wp\/v2\/product_cat?post=18249"},{"taxonomy":"product_tag","embeddable":true,"href":"https:\/\/avanzakayak.witty-fox.com\/sv\/wp-json\/wp\/v2\/product_tag?post=18249"}],"curies":[{"name":"wp","href":"https:\/\/api.w.org\/{rel}","templated":true}]}}