{"id":18233,"date":"2024-01-16T10:04:38","date_gmt":"2024-01-16T10:04:38","guid":{"rendered":"https:\/\/avanzakayak.witty-fox.com\/?post_type=product&#038;p=18233"},"modified":"2024-01-25T11:49:53","modified_gmt":"2024-01-25T11:49:53","slug":"hmg-unbound-2p-en-klassisk-tre-sasongs-talt-for-tva-personer-eller-ett-rymligt-enmanstat-till-lag-vikt","status":"publish","type":"product","link":"https:\/\/avanzakayak.witty-fox.com\/sv\/produkt\/hmg-unbound-2p-en-klassisk-tre-sasongs-talt-for-tva-personer-eller-ett-rymligt-enmanstat-till-lag-vikt\/","title":{"rendered":"HMG Unbound 2P"},"content":{"rendered":"<p><strong>HMG Unbound 2P<\/strong>. En klassisk tre-s\u00e4songs t\u00e4lt f\u00f6r tv\u00e5 personer eller ett rymligt enmanst\u00e4t till l\u00e5g vikt. Konstruerad med HMG:s ultral\u00e4tta, h\u00e5llbara och 100 % vattent\u00e4ta Dyneema\u00a9 Composite v\u00e4v. T\u00e4ltet \u00e4r av enkelv\u00e4vstyp med tv\u00e5 ing\u00e5ngssidor i mesh, med tillh\u00f6rande absider f\u00f6r utrustningen. Unbound 2P st\u00e5r stabilt i vind och regn, som stagas upp med tv\u00e5 stavar (125 cm) eller t\u00e4ltst\u00e4nger.<\/p>\n<p>Innerm\u00e5tt: 229&#215;122 cm.<\/p>\n<p>H\u00f6jd: 122 cm.<\/p>\n<p>Packstorlek: 22x15x14 cm.<\/p>\n<p>F\u00e4rg: Vit.<\/p>\n<p>Vikt utan t\u00e4ltst\u00e5ng och t\u00e4ltpinnar (extra tillbeh\u00f6r): 680 g.<\/p>\n<p>\u200b<\/p>\n<p><a title=\"HMG Unbound 2P\" href=\"https:\/\/player.vimeo.com\/video\/761522819#HMG%20Unbound%202P\"><img decoding=\"async\" title=\"Vimeo_logo-2.jpg\" src=\"https:\/\/avanzakayak.com\/img\/Vimeo_logo-2.png\" alt=\"Vimeo_logo-2.jpg\" \/><\/a><\/p>","protected":false},"excerpt":{"rendered":"<p><strong>HMG Unbound 2P<\/strong>. En klassisk tre-s\u00e4songs t\u00e4lt f\u00f6r tv\u00e5 personer eller ett rymligt enmanst\u00e4t till l\u00e5g vikt. Konstruerad med HMG:s ultral\u00e4tta, h\u00e5llbara och 100 % vattent\u00e4ta Dyneema\u00a9 Composite v\u00e4v. T\u00e4ltet \u00e4r av enkelv\u00e4vstyp med tv\u00e5 ing\u00e5ngssidor i mesh,<\/p>","protected":false},"featured_media":18234,"comment_status":"open","ping_status":"closed","template":"","meta":[],"product_cat":[103],"product_tag":[],"_links":{"self":[{"href":"https:\/\/avanzakayak.witty-fox.com\/sv\/wp-json\/wp\/v2\/product\/18233"}],"collection":[{"href":"https:\/\/avanzakayak.witty-fox.com\/sv\/wp-json\/wp\/v2\/product"}],"about":[{"href":"https:\/\/avanzakayak.witty-fox.com\/sv\/wp-json\/wp\/v2\/types\/product"}],"replies":[{"embeddable":true,"href":"https:\/\/avanzakayak.witty-fox.com\/sv\/wp-json\/wp\/v2\/comments?post=18233"}],"version-history":[{"count":2,"href":"https:\/\/avanzakayak.witty-fox.com\/sv\/wp-json\/wp\/v2\/product\/18233\/revisions"}],"predecessor-version":[{"id":18447,"href":"https:\/\/avanzakayak.witty-fox.com\/sv\/wp-json\/wp\/v2\/product\/18233\/revisions\/18447"}],"wp:featuredmedia":[{"embeddable":true,"href":"https:\/\/avanzakayak.witty-fox.com\/sv\/wp-json\/wp\/v2\/media\/18234"}],"wp:attachment":[{"href":"https:\/\/avanzakayak.witty-fox.com\/sv\/wp-json\/wp\/v2\/media?parent=18233"}],"wp:term":[{"taxonomy":"product_cat","embeddable":true,"href":"https:\/\/avanzakayak.witty-fox.com\/sv\/wp-json\/wp\/v2\/product_cat?post=18233"},{"taxonomy":"product_tag","embeddable":true,"href":"https:\/\/avanzakayak.witty-fox.com\/sv\/wp-json\/wp\/v2\/product_tag?post=18233"}],"curies":[{"name":"wp","href":"https:\/\/api.w.org\/{rel}","templated":true}]}}