{"id":18226,"date":"2024-01-16T09:52:13","date_gmt":"2024-01-16T09:52:13","guid":{"rendered":"https:\/\/avanzakayak.witty-fox.com\/?post_type=product&#038;p=18226"},"modified":"2024-01-25T11:59:37","modified_gmt":"2024-01-25T11:59:37","slug":"nordisk-oppland-3-ar-ett-rymligt-och-latt-3-300-g","status":"publish","type":"product","link":"https:\/\/avanzakayak.witty-fox.com\/sv\/produkt\/nordisk-oppland-3-ar-ett-rymligt-och-latt-3-300-g\/","title":{"rendered":"Nordisk Oppland 3"},"content":{"rendered":"<p><strong>Nordisk Oppland 3<\/strong>\u00a0\u00e4r ett rymligt och l\u00e4tt\u00a0(3 300\u00a0g) 3-mans tunnelt\u00e4lt med stor absider. Goda ventilationsm\u00f6jligheter finns med en liten meshpanel i fot\u00e4ndan och st\u00e4ngbar meshpanel\u00a0i innert\u00e4lts\u00f6ppningen vilket ger bra ventilation. \u00c4ven med tre personer inne finns det stort utrymme att f\u00f6rvara utrustnig och f\u00f6r matlagning. Den aerodynamiska tunnelformen klarar h\u00f6g vindstyrka och \u00e4r mycket l\u00e4tt att s\u00e4tta upp eftersom inner- och yttert\u00e4ltet \u00e4r sammankopplade.<\/p>\n<p>F\u00e4rg: Gr\u00f6n.<\/p>\n<p>\u200b<strong><img decoding=\"async\" title=\"oppland-3_maatt-2.jpg\" src=\"https:\/\/avanzakayak.com\/img\/oppland-3_maatt-2.png\" alt=\"oppland-3_maatt-2.jpg\" \/><\/strong><\/p>\n<p><img decoding=\"async\" title=\"Opplan3_spec.jpg\" src=\"https:\/\/avanzakayak.com\/img\/Opplan3_spec.png\" alt=\"Opplan3_spec.jpg\" \/><\/p>","protected":false},"excerpt":{"rendered":"<p><strong>Nordisk Oppland 3<\/strong>\u00a0\u00e4r ett rymligt och l\u00e4tt\u00a0(3 300\u00a0g) 3-mans tunnelt\u00e4lt med stor absider. Goda ventilationsm\u00f6jligheter finns med en liten meshpanel i fot\u00e4ndan och st\u00e4ngbar meshpanel\u00a0i innert\u00e4lts\u00f6ppningen vilket ger bra ventilation.<\/p>","protected":false},"featured_media":18227,"comment_status":"open","ping_status":"closed","template":"","meta":[],"product_cat":[103],"product_tag":[],"_links":{"self":[{"href":"https:\/\/avanzakayak.witty-fox.com\/sv\/wp-json\/wp\/v2\/product\/18226"}],"collection":[{"href":"https:\/\/avanzakayak.witty-fox.com\/sv\/wp-json\/wp\/v2\/product"}],"about":[{"href":"https:\/\/avanzakayak.witty-fox.com\/sv\/wp-json\/wp\/v2\/types\/product"}],"replies":[{"embeddable":true,"href":"https:\/\/avanzakayak.witty-fox.com\/sv\/wp-json\/wp\/v2\/comments?post=18226"}],"version-history":[{"count":3,"href":"https:\/\/avanzakayak.witty-fox.com\/sv\/wp-json\/wp\/v2\/product\/18226\/revisions"}],"predecessor-version":[{"id":18454,"href":"https:\/\/avanzakayak.witty-fox.com\/sv\/wp-json\/wp\/v2\/product\/18226\/revisions\/18454"}],"wp:featuredmedia":[{"embeddable":true,"href":"https:\/\/avanzakayak.witty-fox.com\/sv\/wp-json\/wp\/v2\/media\/18227"}],"wp:attachment":[{"href":"https:\/\/avanzakayak.witty-fox.com\/sv\/wp-json\/wp\/v2\/media?parent=18226"}],"wp:term":[{"taxonomy":"product_cat","embeddable":true,"href":"https:\/\/avanzakayak.witty-fox.com\/sv\/wp-json\/wp\/v2\/product_cat?post=18226"},{"taxonomy":"product_tag","embeddable":true,"href":"https:\/\/avanzakayak.witty-fox.com\/sv\/wp-json\/wp\/v2\/product_tag?post=18226"}],"curies":[{"name":"wp","href":"https:\/\/api.w.org\/{rel}","templated":true}]}}