{"id":18223,"date":"2024-01-15T14:42:30","date_gmt":"2024-01-15T14:42:30","guid":{"rendered":"https:\/\/avanzakayak.witty-fox.com\/?post_type=product&#038;p=18223"},"modified":"2024-01-25T12:00:39","modified_gmt":"2024-01-25T12:00:39","slug":"snogg-forbandsutrustning","status":"publish","type":"product","link":"https:\/\/avanzakayak.witty-fox.com\/sv\/produkt\/snogg-forbandsutrustning\/","title":{"rendered":"Sn\u00f6gg f\u00f6rbandsutrustning"},"content":{"rendered":"","protected":false},"excerpt":{"rendered":"<p><strong>Sn\u00f6gg f\u00f6rbandsutrustning\u00a0<\/strong>. Sj\u00e4lvh\u00e4ftande f\u00f6rband fastnar ej i s\u00e5r, h\u00e5r eller hud. V\u00e5tt f\u00f6rband kan l\u00e4ggas p\u00e5 v\u00e5t yta. Por\u00f6sa. Antiseptiska. Hudv\u00e4nliga. F\u00f6rstahj\u00e4lpen MINI \u00e4r en enkel f\u00f6rbandssats med det mest f\u00f6r f\u00f6rbansl\u00e4ggning. I \u00e5terf\u00f6rslutningsbar plastp\u00e5se finns: 1 st Fingerf\u00f6rband 6&#215;100 cm, 1 st Allf\u00f6rband 9&#215;100 cm, 1 st H\u00e4ftgas 2&#215;250 cm, 1 st Elasto 6&#215;100 cm och 6 st Pl\u00e5sterstrips. F\u00f6rpackningens storlek: 20x12x5,5 cm.<\/p>\n<p>&nbsp;<\/p>\n<p>\u200b<\/p>","protected":false},"featured_media":18224,"comment_status":"open","ping_status":"closed","template":"","meta":[],"product_cat":[142],"product_tag":[],"_links":{"self":[{"href":"https:\/\/avanzakayak.witty-fox.com\/sv\/wp-json\/wp\/v2\/product\/18223"}],"collection":[{"href":"https:\/\/avanzakayak.witty-fox.com\/sv\/wp-json\/wp\/v2\/product"}],"about":[{"href":"https:\/\/avanzakayak.witty-fox.com\/sv\/wp-json\/wp\/v2\/types\/product"}],"replies":[{"embeddable":true,"href":"https:\/\/avanzakayak.witty-fox.com\/sv\/wp-json\/wp\/v2\/comments?post=18223"}],"version-history":[{"count":1,"href":"https:\/\/avanzakayak.witty-fox.com\/sv\/wp-json\/wp\/v2\/product\/18223\/revisions"}],"predecessor-version":[{"id":18225,"href":"https:\/\/avanzakayak.witty-fox.com\/sv\/wp-json\/wp\/v2\/product\/18223\/revisions\/18225"}],"wp:featuredmedia":[{"embeddable":true,"href":"https:\/\/avanzakayak.witty-fox.com\/sv\/wp-json\/wp\/v2\/media\/18224"}],"wp:attachment":[{"href":"https:\/\/avanzakayak.witty-fox.com\/sv\/wp-json\/wp\/v2\/media?parent=18223"}],"wp:term":[{"taxonomy":"product_cat","embeddable":true,"href":"https:\/\/avanzakayak.witty-fox.com\/sv\/wp-json\/wp\/v2\/product_cat?post=18223"},{"taxonomy":"product_tag","embeddable":true,"href":"https:\/\/avanzakayak.witty-fox.com\/sv\/wp-json\/wp\/v2\/product_tag?post=18223"}],"curies":[{"name":"wp","href":"https:\/\/api.w.org\/{rel}","templated":true}]}}