{"id":18215,"date":"2024-01-15T14:36:39","date_gmt":"2024-01-15T14:36:39","guid":{"rendered":"https:\/\/avanzakayak.witty-fox.com\/?post_type=product&#038;p=18215"},"modified":"2024-01-25T12:03:00","modified_gmt":"2024-01-25T12:03:00","slug":"hmg-munskydd","status":"publish","type":"product","link":"https:\/\/avanzakayak.witty-fox.com\/sv\/produkt\/hmg-munskydd\/","title":{"rendered":"HMG munskydd"},"content":{"rendered":"","protected":false},"excerpt":{"rendered":"<p><strong>HMG munskydd<\/strong> \u00e4r konstruerad med en interlockmikro polyester med en hudv\u00e4nlig DWR (slitstark vattenavvisande) bel\u00e4ggning. Interlock mikro polyester har den t\u00e4taste tillg\u00e4ngliga v\u00e4vningen, den sl\u00e4taste ytan och en fantastisk k\u00e4nsla mot huden. S\u00e4ljs i f\u00f6rpackning om 5 st. F\u00e4rg: Svart.<\/p>\n<p>\u200b<\/p>","protected":false},"featured_media":18216,"comment_status":"open","ping_status":"closed","template":"","meta":[],"product_cat":[142],"product_tag":[],"_links":{"self":[{"href":"https:\/\/avanzakayak.witty-fox.com\/sv\/wp-json\/wp\/v2\/product\/18215"}],"collection":[{"href":"https:\/\/avanzakayak.witty-fox.com\/sv\/wp-json\/wp\/v2\/product"}],"about":[{"href":"https:\/\/avanzakayak.witty-fox.com\/sv\/wp-json\/wp\/v2\/types\/product"}],"replies":[{"embeddable":true,"href":"https:\/\/avanzakayak.witty-fox.com\/sv\/wp-json\/wp\/v2\/comments?post=18215"}],"version-history":[{"count":3,"href":"https:\/\/avanzakayak.witty-fox.com\/sv\/wp-json\/wp\/v2\/product\/18215\/revisions"}],"predecessor-version":[{"id":18456,"href":"https:\/\/avanzakayak.witty-fox.com\/sv\/wp-json\/wp\/v2\/product\/18215\/revisions\/18456"}],"wp:featuredmedia":[{"embeddable":true,"href":"https:\/\/avanzakayak.witty-fox.com\/sv\/wp-json\/wp\/v2\/media\/18216"}],"wp:attachment":[{"href":"https:\/\/avanzakayak.witty-fox.com\/sv\/wp-json\/wp\/v2\/media?parent=18215"}],"wp:term":[{"taxonomy":"product_cat","embeddable":true,"href":"https:\/\/avanzakayak.witty-fox.com\/sv\/wp-json\/wp\/v2\/product_cat?post=18215"},{"taxonomy":"product_tag","embeddable":true,"href":"https:\/\/avanzakayak.witty-fox.com\/sv\/wp-json\/wp\/v2\/product_tag?post=18215"}],"curies":[{"name":"wp","href":"https:\/\/api.w.org\/{rel}","templated":true}]}}