{"id":18203,"date":"2024-01-15T14:25:00","date_gmt":"2024-01-15T14:25:00","guid":{"rendered":"https:\/\/avanzakayak.witty-fox.com\/?post_type=product&#038;p=18203"},"modified":"2024-01-25T12:08:11","modified_gmt":"2024-01-25T12:08:11","slug":"gearaid-kotu-tanto-knife","status":"publish","type":"product","link":"https:\/\/avanzakayak.witty-fox.com\/sv\/produkt\/gearaid-kotu-tanto-knife\/","title":{"rendered":"GearAid Kotu Tanto Knife\u00a0"},"content":{"rendered":"","protected":false},"excerpt":{"rendered":"<p><strong>GearAid Kotu Tanto Knife<\/strong> \u00e4r byggd f\u00f6r \u00f6verlevnad och har ett fast blad och knivslidan som enkelt monteras i b\u00e4ltet eller p\u00e5 utrustning f\u00f6r att vara l\u00e4tt tillg\u00e4nglig. Knivens design g\u00f6r den anv\u00e4ndbart f\u00f6r jakt och fiske. Titanbelagt blad i tantostil har b\u00e5de raka och r\u00e4fflade kanter. 420-rostfritt st\u00e5lblad \u00e4r utrustat med en robust glasbrytare i ena \u00e4nden vilket g\u00f6r den till en perfekt \u00f6verlevnadskniv. Inkluderar en flask\u00f6ppnare p\u00e5 handtaget. M\u00e5tt: 146&#215;32 mm. Bladl\u00e4ngd: 76 cm. Vikt: 204 g.<\/p>","protected":false},"featured_media":18204,"comment_status":"open","ping_status":"closed","template":"","meta":[],"product_cat":[142],"product_tag":[],"_links":{"self":[{"href":"https:\/\/avanzakayak.witty-fox.com\/sv\/wp-json\/wp\/v2\/product\/18203"}],"collection":[{"href":"https:\/\/avanzakayak.witty-fox.com\/sv\/wp-json\/wp\/v2\/product"}],"about":[{"href":"https:\/\/avanzakayak.witty-fox.com\/sv\/wp-json\/wp\/v2\/types\/product"}],"replies":[{"embeddable":true,"href":"https:\/\/avanzakayak.witty-fox.com\/sv\/wp-json\/wp\/v2\/comments?post=18203"}],"version-history":[{"count":2,"href":"https:\/\/avanzakayak.witty-fox.com\/sv\/wp-json\/wp\/v2\/product\/18203\/revisions"}],"predecessor-version":[{"id":18459,"href":"https:\/\/avanzakayak.witty-fox.com\/sv\/wp-json\/wp\/v2\/product\/18203\/revisions\/18459"}],"wp:featuredmedia":[{"embeddable":true,"href":"https:\/\/avanzakayak.witty-fox.com\/sv\/wp-json\/wp\/v2\/media\/18204"}],"wp:attachment":[{"href":"https:\/\/avanzakayak.witty-fox.com\/sv\/wp-json\/wp\/v2\/media?parent=18203"}],"wp:term":[{"taxonomy":"product_cat","embeddable":true,"href":"https:\/\/avanzakayak.witty-fox.com\/sv\/wp-json\/wp\/v2\/product_cat?post=18203"},{"taxonomy":"product_tag","embeddable":true,"href":"https:\/\/avanzakayak.witty-fox.com\/sv\/wp-json\/wp\/v2\/product_tag?post=18203"}],"curies":[{"name":"wp","href":"https:\/\/api.w.org\/{rel}","templated":true}]}}