{"id":18166,"date":"2024-01-15T13:12:44","date_gmt":"2024-01-15T13:12:44","guid":{"rendered":"https:\/\/avanzakayak.witty-fox.com\/?post_type=product&#038;p=18166"},"modified":"2024-01-25T12:19:46","modified_gmt":"2024-01-25T12:19:46","slug":"leech-flytrem-for-glasogon","status":"publish","type":"product","link":"https:\/\/avanzakayak.witty-fox.com\/sv\/produkt\/leech-flytrem-for-glasogon\/","title":{"rendered":"LEECH flytrem f\u00f6r glas\u00f6gon"},"content":{"rendered":"","protected":false},"excerpt":{"rendered":"<p><strong>LEECH flytrem f\u00f6r glas\u00f6gon<\/strong>. Tillverkad av mjukt, slitstarkt neoprenmaterial, \u00e4r denna rem designad f\u00f6r att h\u00e5lla fast glas\u00f6gonen p\u00e5 ett f\u00f6ljsamt s\u00e4tt p\u00e5 ditt huvud. Dragskon p\u00e5 remmen g\u00f6r att den passar alla. Perfekt s\u00e4kerhet inom olika aktiviteter som paddling, l\u00f6pning m fl. Remmen fungerar ocks\u00e5 som flytelement om du r\u00e5kat tappa glas\u00f6gonen i vattnet. L\u00e4ngd: 665 mm. Vikt: 12 g. F\u00e4rg: Orange.<\/p>","protected":false},"featured_media":18167,"comment_status":"open","ping_status":"closed","template":"","meta":[],"product_cat":[142],"product_tag":[],"_links":{"self":[{"href":"https:\/\/avanzakayak.witty-fox.com\/sv\/wp-json\/wp\/v2\/product\/18166"}],"collection":[{"href":"https:\/\/avanzakayak.witty-fox.com\/sv\/wp-json\/wp\/v2\/product"}],"about":[{"href":"https:\/\/avanzakayak.witty-fox.com\/sv\/wp-json\/wp\/v2\/types\/product"}],"replies":[{"embeddable":true,"href":"https:\/\/avanzakayak.witty-fox.com\/sv\/wp-json\/wp\/v2\/comments?post=18166"}],"version-history":[{"count":2,"href":"https:\/\/avanzakayak.witty-fox.com\/sv\/wp-json\/wp\/v2\/product\/18166\/revisions"}],"predecessor-version":[{"id":18466,"href":"https:\/\/avanzakayak.witty-fox.com\/sv\/wp-json\/wp\/v2\/product\/18166\/revisions\/18466"}],"wp:featuredmedia":[{"embeddable":true,"href":"https:\/\/avanzakayak.witty-fox.com\/sv\/wp-json\/wp\/v2\/media\/18167"}],"wp:attachment":[{"href":"https:\/\/avanzakayak.witty-fox.com\/sv\/wp-json\/wp\/v2\/media?parent=18166"}],"wp:term":[{"taxonomy":"product_cat","embeddable":true,"href":"https:\/\/avanzakayak.witty-fox.com\/sv\/wp-json\/wp\/v2\/product_cat?post=18166"},{"taxonomy":"product_tag","embeddable":true,"href":"https:\/\/avanzakayak.witty-fox.com\/sv\/wp-json\/wp\/v2\/product_tag?post=18166"}],"curies":[{"name":"wp","href":"https:\/\/api.w.org\/{rel}","templated":true}]}}