{"id":18151,"date":"2024-01-15T12:50:41","date_gmt":"2024-01-15T12:50:41","guid":{"rendered":"https:\/\/avanzakayak.witty-fox.com\/?post_type=product&#038;p=18151"},"modified":"2024-01-25T12:25:48","modified_gmt":"2024-01-25T12:25:48","slug":"nookie-centre-hjalm-har-en-robust-polyetylenskal-med-stoppning-pa-insidan-eva-slutna-celler","status":"publish","type":"product","link":"https:\/\/avanzakayak.witty-fox.com\/sv\/produkt\/nookie-centre-hjalm-har-en-robust-polyetylenskal-med-stoppning-pa-insidan-eva-slutna-celler\/","title":{"rendered":"Nookie Centre Hj\u00e4lm"},"content":{"rendered":"","protected":false},"excerpt":{"rendered":"<p><strong>Nookie Centre Hj\u00e4lm<\/strong> har en robust polyetylenskal med stoppning p\u00e5 insidan EVA slutna celler. P\u00e5 insidan kan du enkelt g\u00f6ra justeringar f\u00f6r olika huvudstorlekar mellan 50-60 cm. Godk\u00e4nd enligt CE EN1385. Vikt: 540 g. F\u00e4rg: Gul.\u200b<\/p>","protected":false},"featured_media":18152,"comment_status":"open","ping_status":"closed","template":"","meta":[],"product_cat":[142],"product_tag":[],"_links":{"self":[{"href":"https:\/\/avanzakayak.witty-fox.com\/sv\/wp-json\/wp\/v2\/product\/18151"}],"collection":[{"href":"https:\/\/avanzakayak.witty-fox.com\/sv\/wp-json\/wp\/v2\/product"}],"about":[{"href":"https:\/\/avanzakayak.witty-fox.com\/sv\/wp-json\/wp\/v2\/types\/product"}],"replies":[{"embeddable":true,"href":"https:\/\/avanzakayak.witty-fox.com\/sv\/wp-json\/wp\/v2\/comments?post=18151"}],"version-history":[{"count":2,"href":"https:\/\/avanzakayak.witty-fox.com\/sv\/wp-json\/wp\/v2\/product\/18151\/revisions"}],"predecessor-version":[{"id":18470,"href":"https:\/\/avanzakayak.witty-fox.com\/sv\/wp-json\/wp\/v2\/product\/18151\/revisions\/18470"}],"wp:featuredmedia":[{"embeddable":true,"href":"https:\/\/avanzakayak.witty-fox.com\/sv\/wp-json\/wp\/v2\/media\/18152"}],"wp:attachment":[{"href":"https:\/\/avanzakayak.witty-fox.com\/sv\/wp-json\/wp\/v2\/media?parent=18151"}],"wp:term":[{"taxonomy":"product_cat","embeddable":true,"href":"https:\/\/avanzakayak.witty-fox.com\/sv\/wp-json\/wp\/v2\/product_cat?post=18151"},{"taxonomy":"product_tag","embeddable":true,"href":"https:\/\/avanzakayak.witty-fox.com\/sv\/wp-json\/wp\/v2\/product_tag?post=18151"}],"curies":[{"name":"wp","href":"https:\/\/api.w.org\/{rel}","templated":true}]}}