{"id":18148,"date":"2024-01-15T12:47:39","date_gmt":"2024-01-15T12:47:39","guid":{"rendered":"https:\/\/avanzakayak.witty-fox.com\/?post_type=product&#038;p=18148"},"modified":"2024-01-25T12:27:21","modified_gmt":"2024-01-25T12:27:21","slug":"outlife-paddelfottor-fast","status":"publish","type":"product","link":"https:\/\/avanzakayak.witty-fox.com\/sv\/produkt\/outlife-paddelfottor-fast\/","title":{"rendered":"Outlife paddelfott\u00f6r fast"},"content":{"rendered":"<p><strong>Outlife paddelfott\u00f6r fast<\/strong>. Paddelflott\u00f6rens huvudsakliga syfte \u00e4r att anv\u00e4ndas f\u00f6r att stabilisera kajaken om man skulle beh\u00f6va ta sig upp i den fr\u00e5n vattnet, men den kan \u00e4ven anv\u00e4ndas som skydd n\u00e4r du drar upp din kajak p\u00e5 land, som sk\u00f6nt\u00a0sittunderlag eller ha som huvudkudde. Flott\u00f6ren har en skumkropp. Smidigt d\u00e5 den \u00e4r f\u00e4rdig f\u00f6r anv\u00e4ndning och ej beh\u00f6ver bl\u00e5sas upp.\u00a0Sp\u00e4nns l\u00e4tt fast p\u00e5 kajaken i dess d\u00e4ckslinor.<\/p>\n<p>\u200b<strong>Specifikation<\/strong><\/p>\n<p>&#8211; Extra stor volym f\u00f6r en stabilare sj\u00e4lvr\u00e4ddning<\/p>\n<p>&#8211; Reflexer fram, bak och ovan<\/p>\n<p>&#8211; Extra robust material p\u00e5 ovansidan f\u00f6r att kunna anv\u00e4ndas som kajakskydd<\/p>\n<p>\u200bkontrasterande f\u00e4rger f\u00f6r b\u00e4sta synlighet<\/p>\n<p>&#8211; Tv\u00e5 separata fickor f\u00f6r att paddeln ska kunna monteras fr\u00e5n b\u00e5da sidor av kajaken utan att man beh\u00f6ver ta loss flott\u00f6ren fr\u00e5n kajaken och d\u00e4rmed f\u00e5 en extra sak att h\u00e5lla ordning p\u00e5.<\/p>\n<p>&#8211; Tv\u00e5 visselpipor<\/p>\n<p>&#8211; Avrundade h\u00f6rn f\u00f6r att paddeln ska s\u00e5 l\u00e4tt som m\u00f6jligt glida in i sitt fack samt s\u00e5 blir flott\u00f6ren mer &#8220;ett&#8221; med kajaken.<\/p>\n<p>&#8211; Flott\u00f6rens stora ficka har dessutom dr\u00e4neringsh\u00e5l.<\/p>\n<p><a title=\"Outlife paddelflott\u00f6r\" href=\"https:\/\/www.youtube.com\/watch?v=9xMc8zriHl8#Outlife%20paddelflott%C3%B6r\"><img decoding=\"async\" title=\"\" src=\"https:\/\/avanzakayak.com\/img\/image-155.png\" alt=\"\" \/><\/a><\/p>","protected":false},"excerpt":{"rendered":"<p><strong>Outlife paddelfott\u00f6r fast<\/strong>. Paddelflott\u00f6rens huvudsakliga syfte \u00e4r att anv\u00e4ndas f\u00f6r att stabilisera kajaken om man skulle beh\u00f6va ta sig upp i den fr\u00e5n vattnet, men den kan \u00e4ven anv\u00e4ndas som skydd n\u00e4r du drar upp din kajak p\u00e5 land, som sk\u00f6nt\u00a0sittunderlag eller ha som huvudkudde.<\/p>","protected":false},"featured_media":18149,"comment_status":"open","ping_status":"closed","template":"","meta":[],"product_cat":[142],"product_tag":[],"_links":{"self":[{"href":"https:\/\/avanzakayak.witty-fox.com\/sv\/wp-json\/wp\/v2\/product\/18148"}],"collection":[{"href":"https:\/\/avanzakayak.witty-fox.com\/sv\/wp-json\/wp\/v2\/product"}],"about":[{"href":"https:\/\/avanzakayak.witty-fox.com\/sv\/wp-json\/wp\/v2\/types\/product"}],"replies":[{"embeddable":true,"href":"https:\/\/avanzakayak.witty-fox.com\/sv\/wp-json\/wp\/v2\/comments?post=18148"}],"version-history":[{"count":2,"href":"https:\/\/avanzakayak.witty-fox.com\/sv\/wp-json\/wp\/v2\/product\/18148\/revisions"}],"predecessor-version":[{"id":18471,"href":"https:\/\/avanzakayak.witty-fox.com\/sv\/wp-json\/wp\/v2\/product\/18148\/revisions\/18471"}],"wp:featuredmedia":[{"embeddable":true,"href":"https:\/\/avanzakayak.witty-fox.com\/sv\/wp-json\/wp\/v2\/media\/18149"}],"wp:attachment":[{"href":"https:\/\/avanzakayak.witty-fox.com\/sv\/wp-json\/wp\/v2\/media?parent=18148"}],"wp:term":[{"taxonomy":"product_cat","embeddable":true,"href":"https:\/\/avanzakayak.witty-fox.com\/sv\/wp-json\/wp\/v2\/product_cat?post=18148"},{"taxonomy":"product_tag","embeddable":true,"href":"https:\/\/avanzakayak.witty-fox.com\/sv\/wp-json\/wp\/v2\/product_tag?post=18148"}],"curies":[{"name":"wp","href":"https:\/\/api.w.org\/{rel}","templated":true}]}}