{"id":18126,"date":"2024-01-15T12:14:49","date_gmt":"2024-01-15T12:14:49","guid":{"rendered":"https:\/\/avanzakayak.witty-fox.com\/?post_type=product&#038;p=18126"},"modified":"2024-01-25T12:47:33","modified_gmt":"2024-01-25T12:47:33","slug":"basicnature-glowstick-ljusstav","status":"publish","type":"product","link":"https:\/\/avanzakayak.witty-fox.com\/sv\/produkt\/basicnature-glowstick-ljusstav\/","title":{"rendered":"BasicNature Glowstick \/ Ljusstav"},"content":{"rendered":"","protected":false},"excerpt":{"rendered":"<p><strong>BasicNature Glowstick \/ Ljusstav<\/strong>. Klassikern f\u00f6r positionering, signalering, f\u00f6r n\u00f6dsituationer, fester eller bara camping och friluftsliv. Ljusstaven fungerar ocks\u00e5 under vatten och under de v\u00e4rsta f\u00f6rh\u00e5llandena. Det \u00e4r alltid en h\u00f6jdpunkt under nattpromenader eller i l\u00e4gret att markera rutter och hinder. Gl\u00f6dpinnen lyser v\u00e4ldigt starkt i ungef\u00e4r en 30 min, sedan ljust i 2 timmar och sedan svag ljus i cirka 10 timmar. L\u00e4ngd: 145 mm. Diam: 16 mm. Vikt: 24 g.\u00a0F\u00e4rg: R\u00f6d.<\/p>","protected":false},"featured_media":18127,"comment_status":"open","ping_status":"closed","template":"","meta":[],"product_cat":[142],"product_tag":[],"_links":{"self":[{"href":"https:\/\/avanzakayak.witty-fox.com\/sv\/wp-json\/wp\/v2\/product\/18126"}],"collection":[{"href":"https:\/\/avanzakayak.witty-fox.com\/sv\/wp-json\/wp\/v2\/product"}],"about":[{"href":"https:\/\/avanzakayak.witty-fox.com\/sv\/wp-json\/wp\/v2\/types\/product"}],"replies":[{"embeddable":true,"href":"https:\/\/avanzakayak.witty-fox.com\/sv\/wp-json\/wp\/v2\/comments?post=18126"}],"version-history":[{"count":2,"href":"https:\/\/avanzakayak.witty-fox.com\/sv\/wp-json\/wp\/v2\/product\/18126\/revisions"}],"predecessor-version":[{"id":18481,"href":"https:\/\/avanzakayak.witty-fox.com\/sv\/wp-json\/wp\/v2\/product\/18126\/revisions\/18481"}],"wp:featuredmedia":[{"embeddable":true,"href":"https:\/\/avanzakayak.witty-fox.com\/sv\/wp-json\/wp\/v2\/media\/18127"}],"wp:attachment":[{"href":"https:\/\/avanzakayak.witty-fox.com\/sv\/wp-json\/wp\/v2\/media?parent=18126"}],"wp:term":[{"taxonomy":"product_cat","embeddable":true,"href":"https:\/\/avanzakayak.witty-fox.com\/sv\/wp-json\/wp\/v2\/product_cat?post=18126"},{"taxonomy":"product_tag","embeddable":true,"href":"https:\/\/avanzakayak.witty-fox.com\/sv\/wp-json\/wp\/v2\/product_tag?post=18126"}],"curies":[{"name":"wp","href":"https:\/\/api.w.org\/{rel}","templated":true}]}}