{"id":18110,"date":"2024-01-15T11:38:51","date_gmt":"2024-01-15T11:38:51","guid":{"rendered":"https:\/\/avanzakayak.witty-fox.com\/?post_type=product&#038;p=18110"},"modified":"2024-01-25T13:00:39","modified_gmt":"2024-01-25T13:00:39","slug":"gorilla-tape-vavtapen-som-aldrig-ar-nast-bast-2","status":"publish","type":"product","link":"https:\/\/avanzakayak.witty-fox.com\/sv\/produkt\/gorilla-tape-vavtapen-som-aldrig-ar-nast-bast-2\/","title":{"rendered":"Gorilla Tape.\u00a0V\u00e4vtapen som aldrig \u00e4r n\u00e4st b\u00e4st!"},"content":{"rendered":"","protected":false},"excerpt":{"rendered":"<p><strong>Gorilla Tape.<\/strong> V\u00e4vtapen som aldrig \u00e4r n\u00e4st b\u00e4st! Den \u00e4r dubbelt s\u00e5 tjock som sina konkurrenter, har 3 ggr mer h\u00e4ft\u00e4mne och \u00e4r enkel att riva av. Den klarar fukt och temperaturskillnader samt \u00e4r UV-best\u00e4ndig. M\u00e5tt: 48 mm x 11 m. F\u00e4rg: Svart.<\/p>\n<p>&nbsp;<\/p>\n<p>\u200b<\/p>","protected":false},"featured_media":18485,"comment_status":"open","ping_status":"closed","template":"","meta":[],"product_cat":[95],"product_tag":[],"_links":{"self":[{"href":"https:\/\/avanzakayak.witty-fox.com\/sv\/wp-json\/wp\/v2\/product\/18110"}],"collection":[{"href":"https:\/\/avanzakayak.witty-fox.com\/sv\/wp-json\/wp\/v2\/product"}],"about":[{"href":"https:\/\/avanzakayak.witty-fox.com\/sv\/wp-json\/wp\/v2\/types\/product"}],"replies":[{"embeddable":true,"href":"https:\/\/avanzakayak.witty-fox.com\/sv\/wp-json\/wp\/v2\/comments?post=18110"}],"version-history":[{"count":2,"href":"https:\/\/avanzakayak.witty-fox.com\/sv\/wp-json\/wp\/v2\/product\/18110\/revisions"}],"predecessor-version":[{"id":18486,"href":"https:\/\/avanzakayak.witty-fox.com\/sv\/wp-json\/wp\/v2\/product\/18110\/revisions\/18486"}],"wp:featuredmedia":[{"embeddable":true,"href":"https:\/\/avanzakayak.witty-fox.com\/sv\/wp-json\/wp\/v2\/media\/18485"}],"wp:attachment":[{"href":"https:\/\/avanzakayak.witty-fox.com\/sv\/wp-json\/wp\/v2\/media?parent=18110"}],"wp:term":[{"taxonomy":"product_cat","embeddable":true,"href":"https:\/\/avanzakayak.witty-fox.com\/sv\/wp-json\/wp\/v2\/product_cat?post=18110"},{"taxonomy":"product_tag","embeddable":true,"href":"https:\/\/avanzakayak.witty-fox.com\/sv\/wp-json\/wp\/v2\/product_tag?post=18110"}],"curies":[{"name":"wp","href":"https:\/\/api.w.org\/{rel}","templated":true}]}}