{"id":18086,"date":"2024-01-15T11:01:53","date_gmt":"2024-01-15T11:01:53","guid":{"rendered":"https:\/\/avanzakayak.witty-fox.com\/?post_type=product&#038;p=18086"},"modified":"2024-01-25T13:22:49","modified_gmt":"2024-01-25T13:22:49","slug":"abnet-professional-koncentrat-tillsatt-endast-vatten","status":"publish","type":"product","link":"https:\/\/avanzakayak.witty-fox.com\/sv\/produkt\/abnet-professional-koncentrat-tillsatt-endast-vatten\/","title":{"rendered":"ABNET\u00ae PROFESSIONAL\u00a0reng\u00f6ringsmedel"},"content":{"rendered":"<p><strong>ABNET\u00ae PROFESSIONAL<\/strong>\u00a0Koncentrat tills\u00e4tt endast vatten! Multieffektivt och funktionellt reng\u00f6ringsmedel Ingen smuts g\u00e5r s\u00e4ker med separationsteknik! Passar utm\u00e4rkt f\u00f6r b\u00e5ten, husbilen och husvagnen. Drygt och professionellt reng\u00f6ringsmedel som b\u00e5de reng\u00f6r, avfettar och renoverar alla ytor\/f\u00f6rem\u00e5l som t\u00e5l vatten. ABNET\u00ae Professional verkar direkt och separerar enkelt och effektivt bort all typ av smuts som: ingrodd smuts, fett, olja, f\u00f6roreningar, sot, alger, m\u00f6gel, insektsrester, fl\u00e4ckar och andra bel\u00e4ggningar. Rinningar och svarta r\u00e4nder f\u00f6rsvinner omedelbart vid applicering utan att skada plastrutor, lister, t\u00e4tningsmedel eller andra detaljer.<br \/>\nAnv\u00e4ndningsomr\u00e5den:<br \/>\n\u2022 Produkten fungerar lika bra p\u00e5 alla ytor.<br \/>\n\u2022 Anv\u00e4nds b\u00e5de vid inv\u00e4ndig och utv\u00e4ndig reng\u00f6ring.<br \/>\n\u2022 Kompatibel med samtliga tv\u00e4ttsystem.<\/p>\n<p>ABNET\u00ae Professional \u00e4r utvecklad med ekologiska formler, \u00e4r biologiskt l\u00e4tt nedbrytbar och ers\u00e4tter en rad olika reng\u00f6rings-, avfettnings- och\u00a0fl\u00e4ckborttagningsmedel. F\u00f6rpackning: 1 L.\u200b<\/p>\n<p><a title=\"Abnet\" href=\"https:\/\/youtu.be\/O7N_HRHwRgE#Abnet\"><img decoding=\"async\" title=\"YouTube_logo-9.png\" src=\"https:\/\/avanzakayak.com\/img\/YouTube_logo-9.png\" alt=\"YouTube_logo-9.png\" \/><\/a><\/p>\n<p>\u200b<\/p>\n<p>\u200b<\/p>\n<p>\u200b<\/p>","protected":false},"excerpt":{"rendered":"<p><strong>ABNET\u00ae PROFESSIONAL<\/strong>\u00a0Koncentrat tills\u00e4tt endast vatten! Multieffektivt och funktionellt reng\u00f6ringsmedel Ingen smuts g\u00e5r s\u00e4ker med separationsteknik! Passar utm\u00e4rkt f\u00f6r b\u00e5ten, husbilen och husvagnen.<\/p>","protected":false},"featured_media":18089,"comment_status":"open","ping_status":"closed","template":"","meta":[],"product_cat":[95],"product_tag":[],"_links":{"self":[{"href":"https:\/\/avanzakayak.witty-fox.com\/sv\/wp-json\/wp\/v2\/product\/18086"}],"collection":[{"href":"https:\/\/avanzakayak.witty-fox.com\/sv\/wp-json\/wp\/v2\/product"}],"about":[{"href":"https:\/\/avanzakayak.witty-fox.com\/sv\/wp-json\/wp\/v2\/types\/product"}],"replies":[{"embeddable":true,"href":"https:\/\/avanzakayak.witty-fox.com\/sv\/wp-json\/wp\/v2\/comments?post=18086"}],"version-history":[{"count":4,"href":"https:\/\/avanzakayak.witty-fox.com\/sv\/wp-json\/wp\/v2\/product\/18086\/revisions"}],"predecessor-version":[{"id":18498,"href":"https:\/\/avanzakayak.witty-fox.com\/sv\/wp-json\/wp\/v2\/product\/18086\/revisions\/18498"}],"wp:featuredmedia":[{"embeddable":true,"href":"https:\/\/avanzakayak.witty-fox.com\/sv\/wp-json\/wp\/v2\/media\/18089"}],"wp:attachment":[{"href":"https:\/\/avanzakayak.witty-fox.com\/sv\/wp-json\/wp\/v2\/media?parent=18086"}],"wp:term":[{"taxonomy":"product_cat","embeddable":true,"href":"https:\/\/avanzakayak.witty-fox.com\/sv\/wp-json\/wp\/v2\/product_cat?post=18086"},{"taxonomy":"product_tag","embeddable":true,"href":"https:\/\/avanzakayak.witty-fox.com\/sv\/wp-json\/wp\/v2\/product_tag?post=18086"}],"curies":[{"name":"wp","href":"https:\/\/api.w.org\/{rel}","templated":true}]}}