{"id":18068,"date":"2024-01-15T10:37:25","date_gmt":"2024-01-15T10:37:25","guid":{"rendered":"https:\/\/avanzakayak.witty-fox.com\/?post_type=product&#038;p=18068"},"modified":"2024-01-25T16:28:55","modified_gmt":"2024-01-25T16:28:55","slug":"nikwax-tent-gear-solarproof-ar-en-impregnering-for-talt-ryggsackar-och-liknande-utrustning","status":"publish","type":"product","link":"https:\/\/avanzakayak.witty-fox.com\/sv\/produkt\/nikwax-tent-gear-solarproof-ar-en-impregnering-for-talt-ryggsackar-och-liknande-utrustning\/","title":{"rendered":"Nikwax Tent &#038; Gear Solarproof\u00a0impregnering f\u00f6r t\u00e4lt, ryggs\u00e4ckar och liknande utrustning"},"content":{"rendered":"","protected":false},"excerpt":{"rendered":"<p><strong>Nikwax Tent &amp; Gear Solarproof<\/strong> \u00e4r en impregnering f\u00f6r t\u00e4lt, ryggs\u00e4ckar och liknande utrustning. Den ger en vattenavvisande yta, men \u00e4ven ett skydd mot solens UV-str\u00e5lning. Nikwax har alltid satt milj\u00f6n i fokus och alla produkter \u00e4r vattenbaserade, milj\u00f6v\u00e4nliga, biologiskt nedbrytningsbara, flams\u00e4kra, ej testade p\u00e5 djur och inte minst helt fria fr\u00e5n fluorocarboner. F\u00f6rpackning: 500 ml.<\/p>\n<p><img decoding=\"async\" src=\"https:\/\/www.avanzakayak.com\/img\/YouTube_logo-4.png\" \/><\/p>","protected":false},"featured_media":18069,"comment_status":"open","ping_status":"closed","template":"","meta":[],"product_cat":[95],"product_tag":[],"_links":{"self":[{"href":"https:\/\/avanzakayak.witty-fox.com\/sv\/wp-json\/wp\/v2\/product\/18068"}],"collection":[{"href":"https:\/\/avanzakayak.witty-fox.com\/sv\/wp-json\/wp\/v2\/product"}],"about":[{"href":"https:\/\/avanzakayak.witty-fox.com\/sv\/wp-json\/wp\/v2\/types\/product"}],"replies":[{"embeddable":true,"href":"https:\/\/avanzakayak.witty-fox.com\/sv\/wp-json\/wp\/v2\/comments?post=18068"}],"version-history":[{"count":3,"href":"https:\/\/avanzakayak.witty-fox.com\/sv\/wp-json\/wp\/v2\/product\/18068\/revisions"}],"predecessor-version":[{"id":18506,"href":"https:\/\/avanzakayak.witty-fox.com\/sv\/wp-json\/wp\/v2\/product\/18068\/revisions\/18506"}],"wp:featuredmedia":[{"embeddable":true,"href":"https:\/\/avanzakayak.witty-fox.com\/sv\/wp-json\/wp\/v2\/media\/18069"}],"wp:attachment":[{"href":"https:\/\/avanzakayak.witty-fox.com\/sv\/wp-json\/wp\/v2\/media?parent=18068"}],"wp:term":[{"taxonomy":"product_cat","embeddable":true,"href":"https:\/\/avanzakayak.witty-fox.com\/sv\/wp-json\/wp\/v2\/product_cat?post=18068"},{"taxonomy":"product_tag","embeddable":true,"href":"https:\/\/avanzakayak.witty-fox.com\/sv\/wp-json\/wp\/v2\/product_tag?post=18068"}],"curies":[{"name":"wp","href":"https:\/\/api.w.org\/{rel}","templated":true}]}}