{"id":18021,"date":"2024-01-13T16:43:51","date_gmt":"2024-01-13T16:43:51","guid":{"rendered":"https:\/\/avanzakayak.witty-fox.com\/?post_type=product&#038;p=18021"},"modified":"2024-01-25T17:31:35","modified_gmt":"2024-01-25T17:31:35","slug":"outlife-kajakstallning-for-underhall-och-reparation-av-din-kajak","status":"publish","type":"product","link":"https:\/\/avanzakayak.witty-fox.com\/sv\/produkt\/outlife-kajakstallning-for-underhall-och-reparation-av-din-kajak\/","title":{"rendered":"Outlife kajakst\u00e4llning"},"content":{"rendered":"","protected":false},"excerpt":{"rendered":"<p><strong>Outlife kajakst\u00e4llning<\/strong> f\u00f6r underh\u00e5ll och reparation av din kajak. H\u00f6jd monterad: 80 cm. M\u00e5tt omonterad: 97&#215;10 cm. Vikt; 2,7 kg. Levereras som par med nylonfodral.<\/p>","protected":false},"featured_media":18022,"comment_status":"open","ping_status":"closed","template":"","meta":[],"product_cat":[90],"product_tag":[],"_links":{"self":[{"href":"https:\/\/avanzakayak.witty-fox.com\/sv\/wp-json\/wp\/v2\/product\/18021"}],"collection":[{"href":"https:\/\/avanzakayak.witty-fox.com\/sv\/wp-json\/wp\/v2\/product"}],"about":[{"href":"https:\/\/avanzakayak.witty-fox.com\/sv\/wp-json\/wp\/v2\/types\/product"}],"replies":[{"embeddable":true,"href":"https:\/\/avanzakayak.witty-fox.com\/sv\/wp-json\/wp\/v2\/comments?post=18021"}],"version-history":[{"count":3,"href":"https:\/\/avanzakayak.witty-fox.com\/sv\/wp-json\/wp\/v2\/product\/18021\/revisions"}],"predecessor-version":[{"id":18535,"href":"https:\/\/avanzakayak.witty-fox.com\/sv\/wp-json\/wp\/v2\/product\/18021\/revisions\/18535"}],"wp:featuredmedia":[{"embeddable":true,"href":"https:\/\/avanzakayak.witty-fox.com\/sv\/wp-json\/wp\/v2\/media\/18022"}],"wp:attachment":[{"href":"https:\/\/avanzakayak.witty-fox.com\/sv\/wp-json\/wp\/v2\/media?parent=18021"}],"wp:term":[{"taxonomy":"product_cat","embeddable":true,"href":"https:\/\/avanzakayak.witty-fox.com\/sv\/wp-json\/wp\/v2\/product_cat?post=18021"},{"taxonomy":"product_tag","embeddable":true,"href":"https:\/\/avanzakayak.witty-fox.com\/sv\/wp-json\/wp\/v2\/product_tag?post=18021"}],"curies":[{"name":"wp","href":"https:\/\/api.w.org\/{rel}","templated":true}]}}