{"id":18005,"date":"2024-01-13T16:24:46","date_gmt":"2024-01-13T16:24:46","guid":{"rendered":"https:\/\/avanzakayak.witty-fox.com\/?post_type=product&#038;p=18005"},"modified":"2024-01-25T18:09:08","modified_gmt":"2024-01-25T18:09:08","slug":"fardilandsegel","status":"publish","type":"product","link":"https:\/\/avanzakayak.witty-fox.com\/sv\/produkt\/fardilandsegel\/","title":{"rendered":"F\u00e4rdiland\u2122segel"},"content":{"rendered":"<p><strong>F\u00e4rdiland<sup>\u2122<\/sup>segel<\/strong>. Att rigga kajaken\/kanadensaren med ett segel \u00e4r ett mycket avslappnande, njutbart och effektivt s\u00e4tt att ta sig fram \u00f6ver stora som sm\u00e5 vatten. Storseglet med genomg\u00e5ende latta, vilket riggas med delarna fr\u00e5n kajakk\u00e4rran, \u00e4r framtaget i sammarbete med North Sail. M\u00e5tt som rigg: Mast 130 cm och bom 95 cm. Segelyta: 0,8 kvm. F\u00e4rg: R\u00f6d.\u00a0<strong>Best\u00e4llningsvara.<\/strong>\u200b<\/p>","protected":false},"excerpt":{"rendered":"<p><strong>F\u00e4rdiland<sup>\u2122<\/sup>segel<\/strong>. Att rigga kajaken\/kanadensaren med ett segel\u00a0\u00e4r ett mycket avslappnande, njutbart och effektivt s\u00e4tt att ta sig fram \u00f6ver stora som sm\u00e5 vatten. Storseglet med genomg\u00e5ende latta, vilket riggas\u00a0med delarna fr\u00e5n\u00a0kajakk\u00e4rran, \u00e4r framtaget i sammarbete med North Sail.<\/p>","protected":false},"featured_media":18547,"comment_status":"open","ping_status":"closed","template":"","meta":[],"product_cat":[90],"product_tag":[],"_links":{"self":[{"href":"https:\/\/avanzakayak.witty-fox.com\/sv\/wp-json\/wp\/v2\/product\/18005"}],"collection":[{"href":"https:\/\/avanzakayak.witty-fox.com\/sv\/wp-json\/wp\/v2\/product"}],"about":[{"href":"https:\/\/avanzakayak.witty-fox.com\/sv\/wp-json\/wp\/v2\/types\/product"}],"replies":[{"embeddable":true,"href":"https:\/\/avanzakayak.witty-fox.com\/sv\/wp-json\/wp\/v2\/comments?post=18005"}],"version-history":[{"count":3,"href":"https:\/\/avanzakayak.witty-fox.com\/sv\/wp-json\/wp\/v2\/product\/18005\/revisions"}],"predecessor-version":[{"id":18548,"href":"https:\/\/avanzakayak.witty-fox.com\/sv\/wp-json\/wp\/v2\/product\/18005\/revisions\/18548"}],"wp:featuredmedia":[{"embeddable":true,"href":"https:\/\/avanzakayak.witty-fox.com\/sv\/wp-json\/wp\/v2\/media\/18547"}],"wp:attachment":[{"href":"https:\/\/avanzakayak.witty-fox.com\/sv\/wp-json\/wp\/v2\/media?parent=18005"}],"wp:term":[{"taxonomy":"product_cat","embeddable":true,"href":"https:\/\/avanzakayak.witty-fox.com\/sv\/wp-json\/wp\/v2\/product_cat?post=18005"},{"taxonomy":"product_tag","embeddable":true,"href":"https:\/\/avanzakayak.witty-fox.com\/sv\/wp-json\/wp\/v2\/product_tag?post=18005"}],"curies":[{"name":"wp","href":"https:\/\/api.w.org\/{rel}","templated":true}]}}