{"id":17990,"date":"2024-01-13T15:52:01","date_gmt":"2024-01-13T15:52:01","guid":{"rendered":"https:\/\/avanzakayak.witty-fox.com\/?post_type=product&#038;p=17990"},"modified":"2024-01-25T18:21:45","modified_gmt":"2024-01-25T18:21:45","slug":"therm-a-rest-z-sol-seat","status":"publish","type":"product","link":"https:\/\/avanzakayak.witty-fox.com\/sv\/produkt\/therm-a-rest-z-sol-seat\/","title":{"rendered":"Therm-a-Rest Z SOL Seat\u00a0"},"content":{"rendered":"<p><strong>Therm-a-Rest Z SOL Seat<\/strong> \u00e4r ett v\u00e4rmande\u00a0sittunderlag f\u00f6r vandring och skid\u00e4ventyr,\u00a0som h\u00e5lla markkylan borta fr\u00e5n kroppen tack vare den v\u00e4rmereflekterande aluminiumlager p\u00e5 undersidan. Den vikbara konstruktionen g\u00f6r att sittunderlaget ligger plant p\u00e5 marken. Storlek: 41x33x2 cm. Packstorlek: 33x6x7 cm. R-v\u00e4rde: 2,6. Vikt: 60 g. F\u00e4rg: Silver\/Limon.<\/p>","protected":false},"excerpt":{"rendered":"<p><strong>Therm-a-Rest Z SOL Seat<\/strong>\u00a0\u00e4r ett v\u00e4rmande\u00a0sittunderlag f\u00f6r vandring och skid\u00e4ventyr,\u00a0som h\u00e5lla markkylan borta fr\u00e5n kroppen tack vare den v\u00e4rmereflekterande aluminiumlager p\u00e5 undersidan. Den vikbara konstruktionen g\u00f6r att sittunderlaget ligger plant p\u00e5 marken.<\/p>","protected":false},"featured_media":17991,"comment_status":"open","ping_status":"closed","template":"","meta":[],"product_cat":[104],"product_tag":[],"_links":{"self":[{"href":"https:\/\/avanzakayak.witty-fox.com\/sv\/wp-json\/wp\/v2\/product\/17990"}],"collection":[{"href":"https:\/\/avanzakayak.witty-fox.com\/sv\/wp-json\/wp\/v2\/product"}],"about":[{"href":"https:\/\/avanzakayak.witty-fox.com\/sv\/wp-json\/wp\/v2\/types\/product"}],"replies":[{"embeddable":true,"href":"https:\/\/avanzakayak.witty-fox.com\/sv\/wp-json\/wp\/v2\/comments?post=17990"}],"version-history":[{"count":2,"href":"https:\/\/avanzakayak.witty-fox.com\/sv\/wp-json\/wp\/v2\/product\/17990\/revisions"}],"predecessor-version":[{"id":18554,"href":"https:\/\/avanzakayak.witty-fox.com\/sv\/wp-json\/wp\/v2\/product\/17990\/revisions\/18554"}],"wp:featuredmedia":[{"embeddable":true,"href":"https:\/\/avanzakayak.witty-fox.com\/sv\/wp-json\/wp\/v2\/media\/17991"}],"wp:attachment":[{"href":"https:\/\/avanzakayak.witty-fox.com\/sv\/wp-json\/wp\/v2\/media?parent=17990"}],"wp:term":[{"taxonomy":"product_cat","embeddable":true,"href":"https:\/\/avanzakayak.witty-fox.com\/sv\/wp-json\/wp\/v2\/product_cat?post=17990"},{"taxonomy":"product_tag","embeddable":true,"href":"https:\/\/avanzakayak.witty-fox.com\/sv\/wp-json\/wp\/v2\/product_tag?post=17990"}],"curies":[{"name":"wp","href":"https:\/\/api.w.org\/{rel}","templated":true}]}}