{"id":17987,"date":"2024-01-13T15:49:10","date_gmt":"2024-01-13T15:49:10","guid":{"rendered":"https:\/\/avanzakayak.witty-fox.com\/?post_type=product&#038;p=17987"},"modified":"2024-01-25T18:25:55","modified_gmt":"2024-01-25T18:25:55","slug":"briv-sittunderlag-soft-20-navy","status":"publish","type":"product","link":"https:\/\/avanzakayak.witty-fox.com\/sv\/produkt\/briv-sittunderlag-soft-20-navy\/","title":{"rendered":"BRIV sittunderlag Soft 20 Navy"},"content":{"rendered":"","protected":false},"excerpt":{"rendered":"<p><strong>BRIV sittunderlag Soft 20 Navy <\/strong>\u00e4r en sittdyna med rej\u00e4l tilltagen tjocklek f\u00f6r bekv\u00e4mare sittkomfort p\u00e5 picknicken, l\u00e4ktaren, skogsturen etc. Fungerar \u00e4ven i kanoten eller b\u00e5ten. Storlek: 34,5&#215;32,5&#215;2 cm. Vikt: 176 g. F\u00e4rg: Marinbl\u00e5.<\/p>\n<p>&nbsp;<\/p>","protected":false},"featured_media":17988,"comment_status":"open","ping_status":"closed","template":"","meta":[],"product_cat":[104],"product_tag":[],"_links":{"self":[{"href":"https:\/\/avanzakayak.witty-fox.com\/sv\/wp-json\/wp\/v2\/product\/17987"}],"collection":[{"href":"https:\/\/avanzakayak.witty-fox.com\/sv\/wp-json\/wp\/v2\/product"}],"about":[{"href":"https:\/\/avanzakayak.witty-fox.com\/sv\/wp-json\/wp\/v2\/types\/product"}],"replies":[{"embeddable":true,"href":"https:\/\/avanzakayak.witty-fox.com\/sv\/wp-json\/wp\/v2\/comments?post=17987"}],"version-history":[{"count":1,"href":"https:\/\/avanzakayak.witty-fox.com\/sv\/wp-json\/wp\/v2\/product\/17987\/revisions"}],"predecessor-version":[{"id":17989,"href":"https:\/\/avanzakayak.witty-fox.com\/sv\/wp-json\/wp\/v2\/product\/17987\/revisions\/17989"}],"wp:featuredmedia":[{"embeddable":true,"href":"https:\/\/avanzakayak.witty-fox.com\/sv\/wp-json\/wp\/v2\/media\/17988"}],"wp:attachment":[{"href":"https:\/\/avanzakayak.witty-fox.com\/sv\/wp-json\/wp\/v2\/media?parent=17987"}],"wp:term":[{"taxonomy":"product_cat","embeddable":true,"href":"https:\/\/avanzakayak.witty-fox.com\/sv\/wp-json\/wp\/v2\/product_cat?post=17987"},{"taxonomy":"product_tag","embeddable":true,"href":"https:\/\/avanzakayak.witty-fox.com\/sv\/wp-json\/wp\/v2\/product_tag?post=17987"}],"curies":[{"name":"wp","href":"https:\/\/api.w.org\/{rel}","templated":true}]}}