{"id":17982,"date":"2024-01-13T15:45:50","date_gmt":"2024-01-13T15:45:50","guid":{"rendered":"https:\/\/avanzakayak.witty-fox.com\/?post_type=product&#038;p=17982"},"modified":"2024-01-25T18:28:22","modified_gmt":"2024-01-25T18:28:22","slug":"therm-a-rest-z-lite-sol-regular","status":"publish","type":"product","link":"https:\/\/avanzakayak.witty-fox.com\/sv\/produkt\/therm-a-rest-z-lite-sol-regular\/","title":{"rendered":"Therm-a-Rest Z-Lite SOL Regular"},"content":{"rendered":"<p><img decoding=\"async\" src=\"https:\/\/avanzakayak.com\/img\/clip_image001-4.gif\" alt=\"Thermarest_loggo.png\" \/><\/p>\n<p><strong>Therm-a-Rest Z-Lite SOL Regular<\/strong>\u00a0\u00e4r en l\u00e4tt och kompakt liggunderlag\u00a0med ett v\u00e4rmereflekterande aluminiumlager p\u00e5 undersidan, som \u00f6kar isoleringsf\u00f6rm\u00e5gan med 20 %. Tillr\u00e4ckligt l\u00e4tt f\u00f6r att ta med p\u00e5 praktiskt taget vilken tur som helst. &#8220;\u00c4ggkartongm\u00f6nster&#8221; f\u00f6rh\u00f6jer isoleringen och mjukheten, och minskar packvolymen. Till skillnad fr\u00e5n liggunderlag som man rullar ihop, l\u00e4gger sig liggunderlaget omedelbart rakt p\u00e5 marken, ist\u00e4llet f\u00f6r att rulla upp sig i \u00e4ndarna.<\/p>\n<p>Storlek: 183x52x2\u00a0cm.<\/p>\n<p>Packstorlek: 52x13x14 cm.<\/p>\n<p>Vikt:\u00a0410\u00a0g.<\/p>\n<p>R-v\u00e4rde: 2,6.<\/p>\n<p>F\u00e4rg: Silver\/Limon.<\/p>\n<p>\u200b<a title=\"Therm-a-Rest Z-Lite SOL Regular\" href=\"https:\/\/youtu.be\/tAz4uxLXPqM#Therm-a-Rest%20Z-Lite%20SOL%20Regular\"><img decoding=\"async\" title=\"YouTube_logo.png\" src=\"https:\/\/avanzakayak.com\/img\/YouTube_logo.png\" alt=\"YouTube_logo.png\" \/><\/a><\/p>\n<p>\u200b<\/p>\n<p>\u200b<\/p>","protected":false},"excerpt":{"rendered":"<p><strong>Therm-a-Rest Z-Lite SOL Regular<\/strong>\u00a0\u00e4r en l\u00e4tt och kompakt liggunderlag\u00a0med ett v\u00e4rmereflekterande aluminiumlager p\u00e5 undersidan, som \u00f6kar isoleringsf\u00f6rm\u00e5gan med 20 %. Tillr\u00e4ckligt l\u00e4tt f\u00f6r att ta med p\u00e5 praktiskt taget vilken tur som helst.<\/p>","protected":false},"featured_media":17983,"comment_status":"open","ping_status":"closed","template":"","meta":[],"product_cat":[104],"product_tag":[],"_links":{"self":[{"href":"https:\/\/avanzakayak.witty-fox.com\/sv\/wp-json\/wp\/v2\/product\/17982"}],"collection":[{"href":"https:\/\/avanzakayak.witty-fox.com\/sv\/wp-json\/wp\/v2\/product"}],"about":[{"href":"https:\/\/avanzakayak.witty-fox.com\/sv\/wp-json\/wp\/v2\/types\/product"}],"replies":[{"embeddable":true,"href":"https:\/\/avanzakayak.witty-fox.com\/sv\/wp-json\/wp\/v2\/comments?post=17982"}],"version-history":[{"count":4,"href":"https:\/\/avanzakayak.witty-fox.com\/sv\/wp-json\/wp\/v2\/product\/17982\/revisions"}],"predecessor-version":[{"id":18556,"href":"https:\/\/avanzakayak.witty-fox.com\/sv\/wp-json\/wp\/v2\/product\/17982\/revisions\/18556"}],"wp:featuredmedia":[{"embeddable":true,"href":"https:\/\/avanzakayak.witty-fox.com\/sv\/wp-json\/wp\/v2\/media\/17983"}],"wp:attachment":[{"href":"https:\/\/avanzakayak.witty-fox.com\/sv\/wp-json\/wp\/v2\/media?parent=17982"}],"wp:term":[{"taxonomy":"product_cat","embeddable":true,"href":"https:\/\/avanzakayak.witty-fox.com\/sv\/wp-json\/wp\/v2\/product_cat?post=17982"},{"taxonomy":"product_tag","embeddable":true,"href":"https:\/\/avanzakayak.witty-fox.com\/sv\/wp-json\/wp\/v2\/product_tag?post=17982"}],"curies":[{"name":"wp","href":"https:\/\/api.w.org\/{rel}","templated":true}]}}