{"id":17978,"date":"2024-01-13T15:42:24","date_gmt":"2024-01-13T15:42:24","guid":{"rendered":"https:\/\/avanzakayak.witty-fox.com\/?post_type=product&#038;p=17978"},"modified":"2024-01-25T18:30:51","modified_gmt":"2024-01-25T18:30:51","slug":"nordisk-vega-air-ar-ett-lattvikts-liggunderlag-tillverkad-stark-20d-honeycomb-vav-som-ger-utmarkt-komfort","status":"publish","type":"product","link":"https:\/\/avanzakayak.witty-fox.com\/sv\/produkt\/nordisk-vega-air-ar-ett-lattvikts-liggunderlag-tillverkad-stark-20d-honeycomb-vav-som-ger-utmarkt-komfort\/","title":{"rendered":"Nordisk Vega Air\u00a0liggunderlag"},"content":{"rendered":"","protected":false},"excerpt":{"rendered":"<p><strong>Nordisk Vega Air<\/strong>\u00a0\u00e4r ett l\u00e4ttvikts liggunderlag tillverkad stark 20D Honeycomb v\u00e4v\u00a0som ger utm\u00e4rkt komfort. Halkfria behandling p\u00e5 baksidan f\u00f6rhindra liggunderlaget att glida. En push\/pull ventil g\u00f6r in- och utbl\u00e5sning enkel och snabb. M\u00e5tt: 180x50x5 cm. Packstorlek: 22&#215;8 cm.\u00a0Vikt:\u00a0460\u00a0g. F\u00e4rg: R\u00f6d.<\/p>","protected":false},"featured_media":17981,"comment_status":"open","ping_status":"closed","template":"","meta":[],"product_cat":[104],"product_tag":[],"_links":{"self":[{"href":"https:\/\/avanzakayak.witty-fox.com\/sv\/wp-json\/wp\/v2\/product\/17978"}],"collection":[{"href":"https:\/\/avanzakayak.witty-fox.com\/sv\/wp-json\/wp\/v2\/product"}],"about":[{"href":"https:\/\/avanzakayak.witty-fox.com\/sv\/wp-json\/wp\/v2\/types\/product"}],"replies":[{"embeddable":true,"href":"https:\/\/avanzakayak.witty-fox.com\/sv\/wp-json\/wp\/v2\/comments?post=17978"}],"version-history":[{"count":3,"href":"https:\/\/avanzakayak.witty-fox.com\/sv\/wp-json\/wp\/v2\/product\/17978\/revisions"}],"predecessor-version":[{"id":18557,"href":"https:\/\/avanzakayak.witty-fox.com\/sv\/wp-json\/wp\/v2\/product\/17978\/revisions\/18557"}],"wp:featuredmedia":[{"embeddable":true,"href":"https:\/\/avanzakayak.witty-fox.com\/sv\/wp-json\/wp\/v2\/media\/17981"}],"wp:attachment":[{"href":"https:\/\/avanzakayak.witty-fox.com\/sv\/wp-json\/wp\/v2\/media?parent=17978"}],"wp:term":[{"taxonomy":"product_cat","embeddable":true,"href":"https:\/\/avanzakayak.witty-fox.com\/sv\/wp-json\/wp\/v2\/product_cat?post=17978"},{"taxonomy":"product_tag","embeddable":true,"href":"https:\/\/avanzakayak.witty-fox.com\/sv\/wp-json\/wp\/v2\/product_tag?post=17978"}],"curies":[{"name":"wp","href":"https:\/\/api.w.org\/{rel}","templated":true}]}}