{"id":17974,"date":"2024-01-13T15:39:54","date_gmt":"2024-01-13T15:39:54","guid":{"rendered":"https:\/\/avanzakayak.witty-fox.com\/?post_type=product&#038;p=17974"},"modified":"2024-01-25T18:32:41","modified_gmt":"2024-01-25T18:32:41","slug":"flextailgear-camping-mattress","status":"publish","type":"product","link":"https:\/\/avanzakayak.witty-fox.com\/sv\/produkt\/flextailgear-camping-mattress\/","title":{"rendered":"Flextailgear Camping Mattress\u00a0"},"content":{"rendered":"<p><strong>Flextailgear Camping Mattress<\/strong>\u00a0\u00e4r en l\u00e4ttvikts liggunderlag tillverkad i 40D v\u00e4v + TPU -bel\u00e4ggning, som ger dig en h\u00e5llbar, vattent\u00e4t och riv t\u00e5ligt liggunderlag. Balanserat lufttryck ger hela kroppen det st\u00f6d den beh\u00f6ver, oavsett vilken del av kroppen det \u00e4r. Liggunderlaget har v\u00e4rmebest\u00e4ndighet (R-v\u00e4rde) p\u00e5 3,3 vilket \u00e4r l\u00e4mpligt f\u00f6r 3-s\u00e4songers anv\u00e4ndning ner till +5\u00b0 C. Snabb och enkel uppbl\u00e5sning och t\u00f6mning. Med Tiny Pump fyller du Zero Mattress p\u00e5 mindre \u00e4n 50 sekunder.<\/p>\n<p>M\u00e5tt: 190x56x5 cm.<\/p>\n<p>Packstorlek: 20&#215;9 cn.<\/p>\n<p>Vikt: 450 g.<\/p>\n<p>F\u00e4rg: Bl\u00e5.<\/p>","protected":false},"excerpt":{"rendered":"<p><strong>Flextailgear Camping Mattress<\/strong> \u00e4r en l\u00e4ttvikts liggunderlag tillverkad i 40D v\u00e4v + TPU -bel\u00e4ggning, som ger dig en h\u00e5llbar, vattent\u00e4t och riv t\u00e5ligt liggunderlag.<\/p>","protected":false},"featured_media":17975,"comment_status":"open","ping_status":"closed","template":"","meta":[],"product_cat":[104],"product_tag":[],"_links":{"self":[{"href":"https:\/\/avanzakayak.witty-fox.com\/sv\/wp-json\/wp\/v2\/product\/17974"}],"collection":[{"href":"https:\/\/avanzakayak.witty-fox.com\/sv\/wp-json\/wp\/v2\/product"}],"about":[{"href":"https:\/\/avanzakayak.witty-fox.com\/sv\/wp-json\/wp\/v2\/types\/product"}],"replies":[{"embeddable":true,"href":"https:\/\/avanzakayak.witty-fox.com\/sv\/wp-json\/wp\/v2\/comments?post=17974"}],"version-history":[{"count":3,"href":"https:\/\/avanzakayak.witty-fox.com\/sv\/wp-json\/wp\/v2\/product\/17974\/revisions"}],"predecessor-version":[{"id":18558,"href":"https:\/\/avanzakayak.witty-fox.com\/sv\/wp-json\/wp\/v2\/product\/17974\/revisions\/18558"}],"wp:featuredmedia":[{"embeddable":true,"href":"https:\/\/avanzakayak.witty-fox.com\/sv\/wp-json\/wp\/v2\/media\/17975"}],"wp:attachment":[{"href":"https:\/\/avanzakayak.witty-fox.com\/sv\/wp-json\/wp\/v2\/media?parent=17974"}],"wp:term":[{"taxonomy":"product_cat","embeddable":true,"href":"https:\/\/avanzakayak.witty-fox.com\/sv\/wp-json\/wp\/v2\/product_cat?post=17974"},{"taxonomy":"product_tag","embeddable":true,"href":"https:\/\/avanzakayak.witty-fox.com\/sv\/wp-json\/wp\/v2\/product_tag?post=17974"}],"curies":[{"name":"wp","href":"https:\/\/api.w.org\/{rel}","templated":true}]}}