{"id":17971,"date":"2024-01-13T15:37:25","date_gmt":"2024-01-13T15:37:25","guid":{"rendered":"https:\/\/avanzakayak.witty-fox.com\/?post_type=product&#038;p=17971"},"modified":"2024-01-25T18:34:11","modified_gmt":"2024-01-25T18:34:11","slug":"flextailgear-zero-mattress-ar-ett-lattvikts-liggunderlag-tillverkad-av-atervunna-plastflaskor","status":"publish","type":"product","link":"https:\/\/avanzakayak.witty-fox.com\/sv\/produkt\/flextailgear-zero-mattress-ar-ett-lattvikts-liggunderlag-tillverkad-av-atervunna-plastflaskor\/","title":{"rendered":"Flextailgear Zero Mattress\u00a0liggunderlag"},"content":{"rendered":"<p><strong>Flextailgear Zero Mattress<\/strong>\u00a0\u00e4r ett l\u00e4ttvikts liggunderlag tillverkad av \u00e5tervunna plastflaskor. V\u00e4vens plyschk\u00e4nsla ger en behaglig komfort samtidigt som den \u00e4r n\u00f6tningsbest\u00e4ndigt. Balanserat lufttryck ger hela kroppen det st\u00f6d den beh\u00f6ver, oavsett vilken del av kroppen det \u00e4r. Liggunderlaget har v\u00e4rmebest\u00e4ndighet (R-v\u00e4rde) p\u00e5 1,9 vilket \u00e4r l\u00e4mpligt f\u00f6r 3-s\u00e4songers anv\u00e4ndning. Genom att anv\u00e4nda tv\u00e5 liggunderlag p\u00e5 varandra erh\u00e5lls ett R-v\u00e4rde p\u00e5 4,5, vilket g\u00f6r den perfekt f\u00f6r vinterf\u00f6rh\u00e5llanden. M\u00f6nstret g\u00f6r att liggunderlagen l\u00e5ser sig i varandra och f\u00f6rhindrar d\u00e4rmed att de glider is\u00e4r. Snabb och enkel uppbl\u00e5sning och t\u00f6mning. Med Tiny Pump fyller du Zero Mattress p\u00e5 mindre \u00e4n 50 sekunder.<\/p>\n<p>M\u00e5tt: 186x58x4,5 cm.<\/p>\n<p>Packstorlek: 9&#215;18 cm.<\/p>\n<p>Vikt: 315 g.<\/p>\n<p>F\u00e4rg: Bl\u00e5.<\/p>\n<p>Pris: 380:-<\/p>\n<p><a title=\"Zero Mattress\" href=\"https:\/\/www.youtube.com\/watch?v=ps3g9B3rSRQ#Zero%20Mattress\"><img decoding=\"async\" title=\"YouTube_logo.png\" src=\"https:\/\/avanzakayak.com\/img\/YouTube_logo.png\" alt=\"YouTube_logo.png\" \/><\/a><\/p>\n<p>&nbsp;<\/p>\n<p>\u200b<\/p>","protected":false},"excerpt":{"rendered":"<p><strong>Flextailgear Zero Mattress<\/strong>\u00a0\u00e4r ett l\u00e4ttvikts liggunderlag tillverkad av \u00e5tervunna plastflaskor. V\u00e4vens plyschk\u00e4nsla ger en behaglig komfort samtidigt som den \u00e4r n\u00f6tningsbest\u00e4ndigt. Balanserat lufttryck ger hela kroppen det st\u00f6d den beh\u00f6ver, oavsett vilken del av kroppen det \u00e4r. Liggunderlaget har v\u00e4rmebest\u00e4ndighet (R-v\u00e4rde) p\u00e5 1,9 vilket \u00e4r l\u00e4mpligt f\u00f6r 3-s\u00e4songers anv\u00e4ndning.<\/p>","protected":false},"featured_media":17972,"comment_status":"open","ping_status":"closed","template":"","meta":[],"product_cat":[104],"product_tag":[],"_links":{"self":[{"href":"https:\/\/avanzakayak.witty-fox.com\/sv\/wp-json\/wp\/v2\/product\/17971"}],"collection":[{"href":"https:\/\/avanzakayak.witty-fox.com\/sv\/wp-json\/wp\/v2\/product"}],"about":[{"href":"https:\/\/avanzakayak.witty-fox.com\/sv\/wp-json\/wp\/v2\/types\/product"}],"replies":[{"embeddable":true,"href":"https:\/\/avanzakayak.witty-fox.com\/sv\/wp-json\/wp\/v2\/comments?post=17971"}],"version-history":[{"count":2,"href":"https:\/\/avanzakayak.witty-fox.com\/sv\/wp-json\/wp\/v2\/product\/17971\/revisions"}],"predecessor-version":[{"id":18559,"href":"https:\/\/avanzakayak.witty-fox.com\/sv\/wp-json\/wp\/v2\/product\/17971\/revisions\/18559"}],"wp:featuredmedia":[{"embeddable":true,"href":"https:\/\/avanzakayak.witty-fox.com\/sv\/wp-json\/wp\/v2\/media\/17972"}],"wp:attachment":[{"href":"https:\/\/avanzakayak.witty-fox.com\/sv\/wp-json\/wp\/v2\/media?parent=17971"}],"wp:term":[{"taxonomy":"product_cat","embeddable":true,"href":"https:\/\/avanzakayak.witty-fox.com\/sv\/wp-json\/wp\/v2\/product_cat?post=17971"},{"taxonomy":"product_tag","embeddable":true,"href":"https:\/\/avanzakayak.witty-fox.com\/sv\/wp-json\/wp\/v2\/product_tag?post=17971"}],"curies":[{"name":"wp","href":"https:\/\/api.w.org\/{rel}","templated":true}]}}