{"id":17968,"date":"2024-01-13T15:34:21","date_gmt":"2024-01-13T15:34:21","guid":{"rendered":"https:\/\/avanzakayak.witty-fox.com\/?post_type=product&#038;p=17968"},"modified":"2024-01-25T18:35:28","modified_gmt":"2024-01-25T18:35:28","slug":"hermarest-neo-air-mini-pump-blaser-upp-ditt-liggunderlag-pa-ca-3-min-medan-du-gor-annat","status":"publish","type":"product","link":"https:\/\/avanzakayak.witty-fox.com\/sv\/produkt\/hermarest-neo-air-mini-pump-blaser-upp-ditt-liggunderlag-pa-ca-3-min-medan-du-gor-annat\/","title":{"rendered":"Thermarest Neo Air Mini Pump"},"content":{"rendered":"","protected":false},"excerpt":{"rendered":"<p><strong>Thermarest Neo Air Mini Pump<\/strong>\u00a0bl\u00e5ser upp ditt liggunderlag p\u00e5 ca 3 min medan du g\u00f6r annat. NeoAir Mini Pump v\u00e4ger endast 72 g inkl 2 AAA-batterier (ing\u00e5r ej) och tar mycket liten plats i din packning. M\u00e5tt: 70x53x40 mm. Det formbara munstycket av gummi g\u00f6r att pumpen passar olika ventiler.<\/p>","protected":false},"featured_media":17969,"comment_status":"open","ping_status":"closed","template":"","meta":[],"product_cat":[104],"product_tag":[],"_links":{"self":[{"href":"https:\/\/avanzakayak.witty-fox.com\/sv\/wp-json\/wp\/v2\/product\/17968"}],"collection":[{"href":"https:\/\/avanzakayak.witty-fox.com\/sv\/wp-json\/wp\/v2\/product"}],"about":[{"href":"https:\/\/avanzakayak.witty-fox.com\/sv\/wp-json\/wp\/v2\/types\/product"}],"replies":[{"embeddable":true,"href":"https:\/\/avanzakayak.witty-fox.com\/sv\/wp-json\/wp\/v2\/comments?post=17968"}],"version-history":[{"count":2,"href":"https:\/\/avanzakayak.witty-fox.com\/sv\/wp-json\/wp\/v2\/product\/17968\/revisions"}],"predecessor-version":[{"id":18560,"href":"https:\/\/avanzakayak.witty-fox.com\/sv\/wp-json\/wp\/v2\/product\/17968\/revisions\/18560"}],"wp:featuredmedia":[{"embeddable":true,"href":"https:\/\/avanzakayak.witty-fox.com\/sv\/wp-json\/wp\/v2\/media\/17969"}],"wp:attachment":[{"href":"https:\/\/avanzakayak.witty-fox.com\/sv\/wp-json\/wp\/v2\/media?parent=17968"}],"wp:term":[{"taxonomy":"product_cat","embeddable":true,"href":"https:\/\/avanzakayak.witty-fox.com\/sv\/wp-json\/wp\/v2\/product_cat?post=17968"},{"taxonomy":"product_tag","embeddable":true,"href":"https:\/\/avanzakayak.witty-fox.com\/sv\/wp-json\/wp\/v2\/product_tag?post=17968"}],"curies":[{"name":"wp","href":"https:\/\/api.w.org\/{rel}","templated":true}]}}