{"id":17960,"date":"2024-01-13T15:24:11","date_gmt":"2024-01-13T15:24:11","guid":{"rendered":"https:\/\/avanzakayak.witty-fox.com\/?post_type=product&#038;p=17960"},"modified":"2024-01-25T19:06:32","modified_gmt":"2024-01-25T19:06:32","slug":"nordisk-oscar-2-ar-en-av-marknadens-lattaste-3-sasongers-syntetsovsack","status":"publish","type":"product","link":"https:\/\/avanzakayak.witty-fox.com\/sv\/produkt\/nordisk-oscar-2-ar-en-av-marknadens-lattaste-3-sasongers-syntetsovsack\/","title":{"rendered":"Nordisk Oscar -2 sovs\u00e4ck"},"content":{"rendered":"<p><strong>Nordisk Oscar -2<\/strong> \u00e4r en av marknadens l\u00e4ttaste 3-s\u00e4songers syntetsovs\u00e4ck. Alla k\u00f6ldbryggor har eliminerats och on\u00f6dig vikt har reducerats. Tillverkad av f\u00f6rstklassiga material som 7 denier rip stop nylon och h\u00f6gkvalitatativ 100 % \u00e5tervunnen syntetisk fyllning, som tillsammans med innovativ konstruktionsl\u00f6sning resulterat i en sovs\u00e4ck mycket bra v\u00e4rmeegenskaper.<\/p>\n<p>\u2022\u00a0inga\u00a0k\u00f6ldbryggor<br \/>\n\u2022\u00a0extra fyllning i fot\u00e4ndan<br \/>\n\u2022\u00a0halvl\u00e5ng\u00a0dragkedja\u00a0f\u00f6r att minska vikten<br \/>\n\u2022\u00a0platt\u00a0huva\u00a0f\u00f6r komfort<br \/>\n\u2022\u00a0hybrid\u00a0fyllning\u00a0tillbaka<br \/>\n\u2022\u00a0syntetisk \u00e5tervunnen fyllning<br \/>\n\u2022\u00a0inga irriterande\u00a0kardborrband<br \/>\n\u2022\u00a060\/40\u00a0konstruktion\u00a0f\u00f6r att eliminera\u00a0kalla punkter<\/p>\n<p>\u200b<img decoding=\"async\" title=\"Oscar-2_spec.jpg\" src=\"https:\/\/avanzakayak.com\/img\/Oscar-2_spec.jpg\" alt=\"Oscar-2_spec.jpg\" \/><\/p>","protected":false},"excerpt":{"rendered":"<p><strong>Nordisk Oscar -2<\/strong> \u00e4r en av marknadens l\u00e4ttaste 3-s\u00e4songers syntetsovs\u00e4ck. Alla k\u00f6ldbryggor har eliminerats och on\u00f6dig vikt har reducerats. Tillverkad av f\u00f6rstklassiga material som 7 denier rip stop nylon och h\u00f6gkvalitatativ 100 % \u00e5tervunnen syntetisk fyllning, som tillsammans med innovativ konstruktionsl\u00f6sning resulterat i en sovs\u00e4ck mycket bra v\u00e4rmeegenskaper.<\/p>","protected":false},"featured_media":17961,"comment_status":"open","ping_status":"closed","template":"","meta":[],"product_cat":[104],"product_tag":[],"_links":{"self":[{"href":"https:\/\/avanzakayak.witty-fox.com\/sv\/wp-json\/wp\/v2\/product\/17960"}],"collection":[{"href":"https:\/\/avanzakayak.witty-fox.com\/sv\/wp-json\/wp\/v2\/product"}],"about":[{"href":"https:\/\/avanzakayak.witty-fox.com\/sv\/wp-json\/wp\/v2\/types\/product"}],"replies":[{"embeddable":true,"href":"https:\/\/avanzakayak.witty-fox.com\/sv\/wp-json\/wp\/v2\/comments?post=17960"}],"version-history":[{"count":4,"href":"https:\/\/avanzakayak.witty-fox.com\/sv\/wp-json\/wp\/v2\/product\/17960\/revisions"}],"predecessor-version":[{"id":18564,"href":"https:\/\/avanzakayak.witty-fox.com\/sv\/wp-json\/wp\/v2\/product\/17960\/revisions\/18564"}],"wp:featuredmedia":[{"embeddable":true,"href":"https:\/\/avanzakayak.witty-fox.com\/sv\/wp-json\/wp\/v2\/media\/17961"}],"wp:attachment":[{"href":"https:\/\/avanzakayak.witty-fox.com\/sv\/wp-json\/wp\/v2\/media?parent=17960"}],"wp:term":[{"taxonomy":"product_cat","embeddable":true,"href":"https:\/\/avanzakayak.witty-fox.com\/sv\/wp-json\/wp\/v2\/product_cat?post=17960"},{"taxonomy":"product_tag","embeddable":true,"href":"https:\/\/avanzakayak.witty-fox.com\/sv\/wp-json\/wp\/v2\/product_tag?post=17960"}],"curies":[{"name":"wp","href":"https:\/\/api.w.org\/{rel}","templated":true}]}}