{"id":17956,"date":"2024-01-13T15:18:47","date_gmt":"2024-01-13T15:18:47","guid":{"rendered":"https:\/\/avanzakayak.witty-fox.com\/?post_type=product&#038;p=17956"},"modified":"2024-01-25T19:05:29","modified_gmt":"2024-01-25T19:05:29","slug":"nordisk-oscar-10-med-en-vikt-pa-mindre-an-350-g-gor-oscar-till-en-av-de-lattaste-sommarsovsacken-i-syntet-pa-marknaden","status":"publish","type":"product","link":"https:\/\/avanzakayak.witty-fox.com\/sv\/produkt\/nordisk-oscar-10-med-en-vikt-pa-mindre-an-350-g-gor-oscar-till-en-av-de-lattaste-sommarsovsacken-i-syntet-pa-marknaden\/","title":{"rendered":"Nordisk Oscar +10 sovs\u00e4ck"},"content":{"rendered":"<p><strong>Nordisk Oscar +10<\/strong>. Med en vikt p\u00e5 mindre \u00e4n 350 g g\u00f6r Oscar till en av de l\u00e4ttaste sommarsovs\u00e4cken i syntet p\u00e5.marknaden. Tillverkad av f\u00f6rstklassiga material som 7 denier rip stop nylon och h\u00f6gkvalitatativ 100 % \u00e5tervunnen syntetisk fyllning.<\/p>\n<p>\u200b\u2022 inga k\u00f6ldbryggor<br \/>\n\u2022\u00a0extra fyllning i fot\u00e4ndan<br \/>\n\u2022\u00a0integrerad\u00a0packs\u00e4ck<br \/>\n\u2022\u00a0f\u00f6rkortad\u00a0dragkedja\u00a0f\u00f6r att minska vikten<br \/>\n\u2022\u00a0dragkedja\u00a0ligger\u00a0ovanp\u00e5 s\u00e4cken\u00a0f\u00f6r att ge\u00a0god ventilation<br \/>\n\u2022\u00a0dragsko\u00a0\u00e5tkomliga\u00a0inifr\u00e5n\u00a0sovs\u00e4cken f\u00f6r\u00a0str\u00e4ngning<br \/>\n\u2022\u00a0syntetisk\u00a0\u00e5tervunnen\u00a0fyllning<br \/>\n\u2022\u00a0extra rymlig fotbox<br \/>\n\u2022\u00a0inga irriterande\u00a0kardborrband<br \/>\n\u2022\u00a0platt\u00a0huva\u00a0f\u00f6r komfort<\/p>\n<p>\u200b<img decoding=\"async\" title=\"Oscar10_spec.jpg\" src=\"https:\/\/avanzakayak.com\/img\/Oscar10_spec.png\" alt=\"Oscar10_spec.jpg\" \/><\/p>","protected":false},"excerpt":{"rendered":"<p><strong>Nordisk Oscar +10<\/strong>. Med en vikt p\u00e5 mindre \u00e4n 350 g g\u00f6r Oscar till en av de l\u00e4ttaste sommarsovs\u00e4cken i syntet p\u00e5.marknaden. Tillverkad av f\u00f6rstklassiga material som 7 denier rip stop nylon och h\u00f6gkvalitatativ 100 % \u00e5tervunnen syntetisk fyllning.<\/p>","protected":false},"featured_media":17958,"comment_status":"open","ping_status":"closed","template":"","meta":[],"product_cat":[104],"product_tag":[],"_links":{"self":[{"href":"https:\/\/avanzakayak.witty-fox.com\/sv\/wp-json\/wp\/v2\/product\/17956"}],"collection":[{"href":"https:\/\/avanzakayak.witty-fox.com\/sv\/wp-json\/wp\/v2\/product"}],"about":[{"href":"https:\/\/avanzakayak.witty-fox.com\/sv\/wp-json\/wp\/v2\/types\/product"}],"replies":[{"embeddable":true,"href":"https:\/\/avanzakayak.witty-fox.com\/sv\/wp-json\/wp\/v2\/comments?post=17956"}],"version-history":[{"count":2,"href":"https:\/\/avanzakayak.witty-fox.com\/sv\/wp-json\/wp\/v2\/product\/17956\/revisions"}],"predecessor-version":[{"id":18563,"href":"https:\/\/avanzakayak.witty-fox.com\/sv\/wp-json\/wp\/v2\/product\/17956\/revisions\/18563"}],"wp:featuredmedia":[{"embeddable":true,"href":"https:\/\/avanzakayak.witty-fox.com\/sv\/wp-json\/wp\/v2\/media\/17958"}],"wp:attachment":[{"href":"https:\/\/avanzakayak.witty-fox.com\/sv\/wp-json\/wp\/v2\/media?parent=17956"}],"wp:term":[{"taxonomy":"product_cat","embeddable":true,"href":"https:\/\/avanzakayak.witty-fox.com\/sv\/wp-json\/wp\/v2\/product_cat?post=17956"},{"taxonomy":"product_tag","embeddable":true,"href":"https:\/\/avanzakayak.witty-fox.com\/sv\/wp-json\/wp\/v2\/product_tag?post=17956"}],"curies":[{"name":"wp","href":"https:\/\/api.w.org\/{rel}","templated":true}]}}