{"id":17936,"date":"2024-01-13T14:46:42","date_gmt":"2024-01-13T14:46:42","guid":{"rendered":"https:\/\/avanzakayak.witty-fox.com\/?post_type=product&#038;p=17936"},"modified":"2024-01-25T19:27:25","modified_gmt":"2024-01-25T19:27:25","slug":"silva-m2-pannlampa-kombinerad-med-3-led-ljus-och-ett-stark-halogenljus","status":"publish","type":"product","link":"https:\/\/avanzakayak.witty-fox.com\/sv\/produkt\/silva-m2-pannlampa-kombinerad-med-3-led-ljus-och-ett-stark-halogenljus\/","title":{"rendered":"Silva M2 pannlampa"},"content":{"rendered":"","protected":false},"excerpt":{"rendered":"<p><strong>Silva M2<\/strong>. Pannlampa kombinerad med 3 LED-ljus och ett stark halogenljus. Lamphuset \u00e4r st\u00e4llbar i olika vinklar. Vattent\u00e4t till 1 m. Batteri: 4 st AA. Brinntid: LED 150 tim och halogen 2 tim 30 min. Vikt: 240 g utan batterier. F\u00e4rg: Gr\u00e5\/orange.<\/p>","protected":false},"featured_media":17937,"comment_status":"open","ping_status":"closed","template":"","meta":[],"product_cat":[106],"product_tag":[],"_links":{"self":[{"href":"https:\/\/avanzakayak.witty-fox.com\/sv\/wp-json\/wp\/v2\/product\/17936"}],"collection":[{"href":"https:\/\/avanzakayak.witty-fox.com\/sv\/wp-json\/wp\/v2\/product"}],"about":[{"href":"https:\/\/avanzakayak.witty-fox.com\/sv\/wp-json\/wp\/v2\/types\/product"}],"replies":[{"embeddable":true,"href":"https:\/\/avanzakayak.witty-fox.com\/sv\/wp-json\/wp\/v2\/comments?post=17936"}],"version-history":[{"count":3,"href":"https:\/\/avanzakayak.witty-fox.com\/sv\/wp-json\/wp\/v2\/product\/17936\/revisions"}],"predecessor-version":[{"id":18575,"href":"https:\/\/avanzakayak.witty-fox.com\/sv\/wp-json\/wp\/v2\/product\/17936\/revisions\/18575"}],"wp:featuredmedia":[{"embeddable":true,"href":"https:\/\/avanzakayak.witty-fox.com\/sv\/wp-json\/wp\/v2\/media\/17937"}],"wp:attachment":[{"href":"https:\/\/avanzakayak.witty-fox.com\/sv\/wp-json\/wp\/v2\/media?parent=17936"}],"wp:term":[{"taxonomy":"product_cat","embeddable":true,"href":"https:\/\/avanzakayak.witty-fox.com\/sv\/wp-json\/wp\/v2\/product_cat?post=17936"},{"taxonomy":"product_tag","embeddable":true,"href":"https:\/\/avanzakayak.witty-fox.com\/sv\/wp-json\/wp\/v2\/product_tag?post=17936"}],"curies":[{"name":"wp","href":"https:\/\/api.w.org\/{rel}","templated":true}]}}