{"id":17928,"date":"2024-01-13T14:40:12","date_gmt":"2024-01-13T14:40:12","guid":{"rendered":"https:\/\/avanzakayak.witty-fox.com\/?post_type=product&#038;p=17928"},"modified":"2024-01-25T19:33:06","modified_gmt":"2024-01-25T19:33:06","slug":"petzl-eelite-ultra-kompakt-nodlampa-pa-50-lumen-mycket-smidigt-format-och-levereras-med-ask-att-forvara-den-i","status":"publish","type":"product","link":"https:\/\/avanzakayak.witty-fox.com\/sv\/produkt\/petzl-eelite-ultra-kompakt-nodlampa-pa-50-lumen-mycket-smidigt-format-och-levereras-med-ask-att-forvara-den-i\/","title":{"rendered":"Petzl e+ELITE pannlampa"},"content":{"rendered":"<p><strong>Petzl e+ELITE<\/strong>. Ultra kompakt n\u00f6dlampa p\u00e5 50 lumen. Mycket smidigt format och levereras med ask att f\u00f6rvara den i. Tre ljusl\u00e4gen med vit diod och tv\u00e5 ljusl\u00e4gen med r\u00f6d diod. Litet elastiskt pannband med visselpipa. L\u00e5sbart reglage f\u00f6r b\u00e5de vit och r\u00f6d diod. Perfekt backup lampa att ha i f\u00f6rsta hj\u00e4lpen v\u00e4skan.<\/p>\n<p>Lampan kan lysa p\u00e5 ekonomiskt l\u00e4ge oavbrutet i 70 timmar och kan f\u00f6rvaras i upp till 10 \u00e5r utan f\u00f6rlorad batterikapacitet. Batterierna sitter i lamphuset. e+LITE t\u00e5l extrema temperaturer, fr\u00e5n -30 C till +60 C och \u00e4r vattent\u00e4t ner till 1 meter\u00a0i\u00a030\u00a0min (IPX 7).<\/p>\n<p>R\u00e4ckvidd: 29 m.<\/p>\n<p>Batteri: 2 x CR2032 litium.<\/p>\n<p>Vikt: 26 g<\/p>","protected":false},"excerpt":{"rendered":"<p><strong>Petzl e+ELITE<\/strong>. Ultra kompakt n\u00f6dlampa p\u00e5 50 lumen. Mycket smidigt format och levereras med ask att f\u00f6rvara den i. Tre ljusl\u00e4gen med vit diod och tv\u00e5 ljusl\u00e4gen med r\u00f6d diod. Litet elastiskt pannband med visselpipa. L\u00e5sbart reglage f\u00f6r b\u00e5de vit och r\u00f6d diod. Perfekt backup lampa att ha i f\u00f6rsta hj\u00e4lpen v\u00e4skan.<\/p>","protected":false},"featured_media":17929,"comment_status":"open","ping_status":"closed","template":"","meta":[],"product_cat":[106],"product_tag":[],"_links":{"self":[{"href":"https:\/\/avanzakayak.witty-fox.com\/sv\/wp-json\/wp\/v2\/product\/17928"}],"collection":[{"href":"https:\/\/avanzakayak.witty-fox.com\/sv\/wp-json\/wp\/v2\/product"}],"about":[{"href":"https:\/\/avanzakayak.witty-fox.com\/sv\/wp-json\/wp\/v2\/types\/product"}],"replies":[{"embeddable":true,"href":"https:\/\/avanzakayak.witty-fox.com\/sv\/wp-json\/wp\/v2\/comments?post=17928"}],"version-history":[{"count":5,"href":"https:\/\/avanzakayak.witty-fox.com\/sv\/wp-json\/wp\/v2\/product\/17928\/revisions"}],"predecessor-version":[{"id":18579,"href":"https:\/\/avanzakayak.witty-fox.com\/sv\/wp-json\/wp\/v2\/product\/17928\/revisions\/18579"}],"wp:featuredmedia":[{"embeddable":true,"href":"https:\/\/avanzakayak.witty-fox.com\/sv\/wp-json\/wp\/v2\/media\/17929"}],"wp:attachment":[{"href":"https:\/\/avanzakayak.witty-fox.com\/sv\/wp-json\/wp\/v2\/media?parent=17928"}],"wp:term":[{"taxonomy":"product_cat","embeddable":true,"href":"https:\/\/avanzakayak.witty-fox.com\/sv\/wp-json\/wp\/v2\/product_cat?post=17928"},{"taxonomy":"product_tag","embeddable":true,"href":"https:\/\/avanzakayak.witty-fox.com\/sv\/wp-json\/wp\/v2\/product_tag?post=17928"}],"curies":[{"name":"wp","href":"https:\/\/api.w.org\/{rel}","templated":true}]}}