{"id":17925,"date":"2024-01-13T14:10:32","date_gmt":"2024-01-13T14:10:32","guid":{"rendered":"https:\/\/avanzakayak.witty-fox.com\/?post_type=product&#038;p=17925"},"modified":"2024-01-25T19:35:48","modified_gmt":"2024-01-25T19:35:48","slug":"flextailgear-helio-ar-en-liten-och-praktisk-led-lampa-som-kan-anvandas-for-olika-andamal","status":"publish","type":"product","link":"https:\/\/avanzakayak.witty-fox.com\/sv\/produkt\/flextailgear-helio-ar-en-liten-och-praktisk-led-lampa-som-kan-anvandas-for-olika-andamal\/","title":{"rendered":"Flextailgear Helio\u00a0LED lampa"},"content":{"rendered":"<p><strong>Flextailgear Helio<\/strong> \u00e4r en liten och praktisk LED lampa som kan anv\u00e4ndas f\u00f6r olika \u00e4ndam\u00e5l t ex positionsljus, t\u00e4ltlampa, ficklampa. Uppladdningsbart batteri, kan anslutas direkt till Power bank. USB kabel ansluts i lampan med Type-C (samma som mobiltelefon). Reglerbar ljusstyrka samt blinkande ljus. Lampan kan h\u00e4ngas i bygel och i medf\u00f6ljande karbinhake (40 mm) samt direkt p\u00e5 pl\u00e5t d\u00e5 botten p\u00e5 lampan \u00e4r magnetisk. Genererar 220 lumen. Drifttid: ca 10 timmar beroende p\u00e5 ljusstyrka. Storlekt: 30x38x48 mm. Vikt: 40 g. F\u00e4rg: Bl\u00e5.<\/p>\n<p>\u200b<a title=\"Flextailgear_Helio \" href=\"https:\/\/youtu.be\/WRIYxPNQRzg#Flextailgear_Helio\"><img decoding=\"async\" title=\"YouTube_logo.png\" src=\"https:\/\/avanzakayak.com\/img\/YouTube_logo.png\" alt=\"YouTube_logo.png\" \/><\/a><\/p>","protected":false},"excerpt":{"rendered":"<p><strong>Flextailgear Helio<\/strong> \u00e4r en liten och praktisk LED lampa som kan anv\u00e4ndas f\u00f6r olika \u00e4ndam\u00e5l t ex positionsljus, t\u00e4ltlampa, ficklampa. Uppladdningsbart batteri, kan anslutas direkt till Power bank. USB kabel ansluts i lampan med Type-C (samma som mobiltelefon).<\/p>","protected":false},"featured_media":17926,"comment_status":"open","ping_status":"closed","template":"","meta":[],"product_cat":[106,142],"product_tag":[],"_links":{"self":[{"href":"https:\/\/avanzakayak.witty-fox.com\/sv\/wp-json\/wp\/v2\/product\/17925"}],"collection":[{"href":"https:\/\/avanzakayak.witty-fox.com\/sv\/wp-json\/wp\/v2\/product"}],"about":[{"href":"https:\/\/avanzakayak.witty-fox.com\/sv\/wp-json\/wp\/v2\/types\/product"}],"replies":[{"embeddable":true,"href":"https:\/\/avanzakayak.witty-fox.com\/sv\/wp-json\/wp\/v2\/comments?post=17925"}],"version-history":[{"count":4,"href":"https:\/\/avanzakayak.witty-fox.com\/sv\/wp-json\/wp\/v2\/product\/17925\/revisions"}],"predecessor-version":[{"id":18582,"href":"https:\/\/avanzakayak.witty-fox.com\/sv\/wp-json\/wp\/v2\/product\/17925\/revisions\/18582"}],"wp:featuredmedia":[{"embeddable":true,"href":"https:\/\/avanzakayak.witty-fox.com\/sv\/wp-json\/wp\/v2\/media\/17926"}],"wp:attachment":[{"href":"https:\/\/avanzakayak.witty-fox.com\/sv\/wp-json\/wp\/v2\/media?parent=17925"}],"wp:term":[{"taxonomy":"product_cat","embeddable":true,"href":"https:\/\/avanzakayak.witty-fox.com\/sv\/wp-json\/wp\/v2\/product_cat?post=17925"},{"taxonomy":"product_tag","embeddable":true,"href":"https:\/\/avanzakayak.witty-fox.com\/sv\/wp-json\/wp\/v2\/product_tag?post=17925"}],"curies":[{"name":"wp","href":"https:\/\/api.w.org\/{rel}","templated":true}]}}