{"id":17889,"date":"2024-01-13T13:19:08","date_gmt":"2024-01-13T13:19:08","guid":{"rendered":"https:\/\/avanzakayak.witty-fox.com\/?post_type=product&#038;p=17889"},"modified":"2024-01-25T19:59:46","modified_gmt":"2024-01-25T19:59:46","slug":"uco-ljuslykta-lyser-upp-och-minska-kyla-och-fukt-med-den-latta-hopfallbara-original-candle-lantern","status":"publish","type":"product","link":"https:\/\/avanzakayak.witty-fox.com\/sv\/produkt\/uco-ljuslykta-lyser-upp-och-minska-kyla-och-fukt-med-den-latta-hopfallbara-original-candle-lantern\/","title":{"rendered":"UCO ljuslykta"},"content":{"rendered":"<p><strong>UCO ljuslykta<\/strong>. Lyser upp och minska kyla och fukt med den l\u00e4tta, hopf\u00e4llbara Original Candle Lantern. Perfekt f\u00f6r vandring, bergskl\u00e4ttring, camping och andra friluftsaktiviteter. Denna klassiska lykta ger mysig v\u00e4rme och naturligt ljus. Tillverkad i t\u00e5lig lackat metallh\u00f6lje och ett skyddande lyktglas.\u00a0Ljuset t\u00e4nds snabbt &#8211; skjut lyktglaset ned\u00e5t och t\u00e4nd den exponerade veken. N\u00e4r ljuset brinner skjuter det fj\u00e4derdrivna r\u00f6ret upp ljuset f\u00f6r en p\u00e5litlig, konstant l\u00e5ga. Se \u00e5terst\u00e5ende br\u00e4nntid p\u00e5 ljuset p\u00e5 sidan av lyktan. Lyktan levereras med ett ljus. Brinntid: 9 timmar. H\u00f6jd: 106\/166 mm. Diameter: 51 mm. Vikt inkl ljus: 190 g.\u00a0F\u00e4rg: Alu.<\/p>","protected":false},"excerpt":{"rendered":"<p><strong>UCO ljuslykta<\/strong>. Lyser upp och minska kyla och fukt med den l\u00e4tta, hopf\u00e4llbara Original Candle Lantern. Perfekt f\u00f6r vandring, bergskl\u00e4ttring, camping och andra friluftsaktiviteter. Denna klassiska lykta ger mysig v\u00e4rme och naturligt ljus.<\/p>","protected":false},"featured_media":18598,"comment_status":"open","ping_status":"closed","template":"","meta":[],"product_cat":[106],"product_tag":[],"_links":{"self":[{"href":"https:\/\/avanzakayak.witty-fox.com\/sv\/wp-json\/wp\/v2\/product\/17889"}],"collection":[{"href":"https:\/\/avanzakayak.witty-fox.com\/sv\/wp-json\/wp\/v2\/product"}],"about":[{"href":"https:\/\/avanzakayak.witty-fox.com\/sv\/wp-json\/wp\/v2\/types\/product"}],"replies":[{"embeddable":true,"href":"https:\/\/avanzakayak.witty-fox.com\/sv\/wp-json\/wp\/v2\/comments?post=17889"}],"version-history":[{"count":4,"href":"https:\/\/avanzakayak.witty-fox.com\/sv\/wp-json\/wp\/v2\/product\/17889\/revisions"}],"predecessor-version":[{"id":18599,"href":"https:\/\/avanzakayak.witty-fox.com\/sv\/wp-json\/wp\/v2\/product\/17889\/revisions\/18599"}],"wp:featuredmedia":[{"embeddable":true,"href":"https:\/\/avanzakayak.witty-fox.com\/sv\/wp-json\/wp\/v2\/media\/18598"}],"wp:attachment":[{"href":"https:\/\/avanzakayak.witty-fox.com\/sv\/wp-json\/wp\/v2\/media?parent=17889"}],"wp:term":[{"taxonomy":"product_cat","embeddable":true,"href":"https:\/\/avanzakayak.witty-fox.com\/sv\/wp-json\/wp\/v2\/product_cat?post=17889"},{"taxonomy":"product_tag","embeddable":true,"href":"https:\/\/avanzakayak.witty-fox.com\/sv\/wp-json\/wp\/v2\/product_tag?post=17889"}],"curies":[{"name":"wp","href":"https:\/\/api.w.org\/{rel}","templated":true}]}}