{"id":17863,"date":"2024-01-13T12:48:34","date_gmt":"2024-01-13T12:48:34","guid":{"rendered":"https:\/\/avanzakayak.witty-fox.com\/?post_type=product&#038;p=17863"},"modified":"2024-01-25T20:49:45","modified_gmt":"2024-01-25T20:49:45","slug":"satila-frisco-mossa-i-50-merinoull-och-50-acryl-med-polycolonfoder","status":"publish","type":"product","link":"https:\/\/avanzakayak.witty-fox.com\/sv\/produkt\/satila-frisco-mossa-i-50-merinoull-och-50-acryl-med-polycolonfoder\/","title":{"rendered":"S\u00e4tila Frisco. M\u00f6ssa"},"content":{"rendered":"","protected":false},"excerpt":{"rendered":"<p><strong>S\u00e4tila Frisco<\/strong>. M\u00f6ssa i 50 % merinoull och 50 % acryl med polycolonfoder. L\u00e4mlig f\u00f6r anv\u00e4ndning b\u00e5de i naturen eller i stan. F\u00e4rg: Bl\u00e5.<\/p>","protected":false},"featured_media":18611,"comment_status":"open","ping_status":"closed","template":"","meta":[],"product_cat":[89],"product_tag":[],"_links":{"self":[{"href":"https:\/\/avanzakayak.witty-fox.com\/sv\/wp-json\/wp\/v2\/product\/17863"}],"collection":[{"href":"https:\/\/avanzakayak.witty-fox.com\/sv\/wp-json\/wp\/v2\/product"}],"about":[{"href":"https:\/\/avanzakayak.witty-fox.com\/sv\/wp-json\/wp\/v2\/types\/product"}],"replies":[{"embeddable":true,"href":"https:\/\/avanzakayak.witty-fox.com\/sv\/wp-json\/wp\/v2\/comments?post=17863"}],"version-history":[{"count":3,"href":"https:\/\/avanzakayak.witty-fox.com\/sv\/wp-json\/wp\/v2\/product\/17863\/revisions"}],"predecessor-version":[{"id":18612,"href":"https:\/\/avanzakayak.witty-fox.com\/sv\/wp-json\/wp\/v2\/product\/17863\/revisions\/18612"}],"wp:featuredmedia":[{"embeddable":true,"href":"https:\/\/avanzakayak.witty-fox.com\/sv\/wp-json\/wp\/v2\/media\/18611"}],"wp:attachment":[{"href":"https:\/\/avanzakayak.witty-fox.com\/sv\/wp-json\/wp\/v2\/media?parent=17863"}],"wp:term":[{"taxonomy":"product_cat","embeddable":true,"href":"https:\/\/avanzakayak.witty-fox.com\/sv\/wp-json\/wp\/v2\/product_cat?post=17863"},{"taxonomy":"product_tag","embeddable":true,"href":"https:\/\/avanzakayak.witty-fox.com\/sv\/wp-json\/wp\/v2\/product_tag?post=17863"}],"curies":[{"name":"wp","href":"https:\/\/api.w.org\/{rel}","templated":true}]}}