{"id":17846,"date":"2024-01-13T12:21:07","date_gmt":"2024-01-13T12:21:07","guid":{"rendered":"https:\/\/avanzakayak.witty-fox.com\/?post_type=product&#038;p=17846"},"modified":"2024-01-25T21:35:24","modified_gmt":"2024-01-25T21:35:24","slug":"nookie-shorts-latt-snabbtorkande-shorts-tillverkad-i-lycra-med-tva-fickor-och-en-mindre-ficka-med-blixtlas","status":"publish","type":"product","link":"https:\/\/avanzakayak.witty-fox.com\/sv\/produkt\/nookie-shorts-latt-snabbtorkande-shorts-tillverkad-i-lycra-med-tva-fickor-och-en-mindre-ficka-med-blixtlas\/","title":{"rendered":"Nookie shorts"},"content":{"rendered":"","protected":false},"excerpt":{"rendered":"<p>Nookie shorts. L\u00e4tt snabbtorkande shorts tillverkad i Lycra med tv\u00e5 fickor och en mindre ficka med blixtl\u00e5s. Sn\u00f6rst\u00e4ngning i midjan. Storlekar midja: 32&#8243; (81 cm), 34&#8243; (86 cm) och 36&#8243; (91 cm). F\u00e4rg: Gr\u00e5 med ljusbl\u00e5a inslag.<\/p>","protected":false},"featured_media":17847,"comment_status":"open","ping_status":"closed","template":"","meta":[],"product_cat":[89],"product_tag":[],"_links":{"self":[{"href":"https:\/\/avanzakayak.witty-fox.com\/sv\/wp-json\/wp\/v2\/product\/17846"}],"collection":[{"href":"https:\/\/avanzakayak.witty-fox.com\/sv\/wp-json\/wp\/v2\/product"}],"about":[{"href":"https:\/\/avanzakayak.witty-fox.com\/sv\/wp-json\/wp\/v2\/types\/product"}],"replies":[{"embeddable":true,"href":"https:\/\/avanzakayak.witty-fox.com\/sv\/wp-json\/wp\/v2\/comments?post=17846"}],"version-history":[{"count":3,"href":"https:\/\/avanzakayak.witty-fox.com\/sv\/wp-json\/wp\/v2\/product\/17846\/revisions"}],"predecessor-version":[{"id":18619,"href":"https:\/\/avanzakayak.witty-fox.com\/sv\/wp-json\/wp\/v2\/product\/17846\/revisions\/18619"}],"wp:featuredmedia":[{"embeddable":true,"href":"https:\/\/avanzakayak.witty-fox.com\/sv\/wp-json\/wp\/v2\/media\/17847"}],"wp:attachment":[{"href":"https:\/\/avanzakayak.witty-fox.com\/sv\/wp-json\/wp\/v2\/media?parent=17846"}],"wp:term":[{"taxonomy":"product_cat","embeddable":true,"href":"https:\/\/avanzakayak.witty-fox.com\/sv\/wp-json\/wp\/v2\/product_cat?post=17846"},{"taxonomy":"product_tag","embeddable":true,"href":"https:\/\/avanzakayak.witty-fox.com\/sv\/wp-json\/wp\/v2\/product_tag?post=17846"}],"curies":[{"name":"wp","href":"https:\/\/api.w.org\/{rel}","templated":true}]}}