{"id":17832,"date":"2024-01-13T12:08:05","date_gmt":"2024-01-13T12:08:05","guid":{"rendered":"https:\/\/avanzakayak.witty-fox.com\/?post_type=product&#038;p=17832"},"modified":"2024-01-25T21:42:23","modified_gmt":"2024-01-25T21:42:23","slug":"flextailgear-zero-down-vest-ar-en-luftfylld-vast-som-ger-anvandaren-mojligheten-att-reglera-varmeniva","status":"publish","type":"product","link":"https:\/\/avanzakayak.witty-fox.com\/sv\/produkt\/flextailgear-zero-down-vest-ar-en-luftfylld-vast-som-ger-anvandaren-mojligheten-att-reglera-varmeniva\/","title":{"rendered":"Flextailgear Zero Down Vest"},"content":{"rendered":"<p><strong>Flextailgear Zero Down Vest<\/strong>\u00a0\u00e4r en luftfylld v\u00e4st som ger anv\u00e4ndaren m\u00f6jligheten att reglera v\u00e4rmeniv\u00e5. Det traditionella dunet har ersatts med luftkamrar, som bl\u00e5ses upp genom ett luftmunstycke vilket g\u00f6r Zero Down Vest b\u00e5de milj\u00f6v\u00e4nlig och varm. Zero Down Vest \u00e4r framst\u00e4lld med en innovativ v\u00e4vproduktionsteknik. Till varje Zero Down Vest har n\u00e4rmare 9 st \u00e5tervunna plastflaskor anv\u00e4nds. Den h\u00f6gteknologiskt v\u00e4ven \u00e4r vattent\u00e4tt, n\u00f6tningsbest\u00e4ndig och utformad f\u00f6r att andas. F\u00f6r b\u00e4sta r\u00f6rlighet b\u00f6r v\u00e4sten inte bl\u00e5sas upp helt. V\u00e4sten har tv\u00e5 ytterfickor med blixtl\u00e5s och tv\u00e5 innerfickor. V\u00e4sten v\u00e4ger ca 340 g. Storlek: S, M och L. F\u00e4rg: Svart.<\/p>\n<table style=\"height: 107px;\" border=\"1\" width=\"495\" cellspacing=\"0\" cellpadding=\"0\">\n<tbody>\n<tr>\n<td><strong>Storlek<\/strong><\/td>\n<td><strong>L\u00e4ngd<\/strong><\/td>\n<td><strong>Axelbredd<\/strong><\/td>\n<td><strong>Br\u00f6st<\/strong><\/td>\n<td><strong>Midja<\/strong><\/td>\n<td><strong>H\u00f6ft<\/strong><\/td>\n<\/tr>\n<tr>\n<td><strong>S<\/strong><\/td>\n<td>70 cm<\/td>\n<td>42,6 cm<\/td>\n<td>112 cm<\/td>\n<td>111 cm<\/td>\n<td>110 cm<\/td>\n<\/tr>\n<tr>\n<td><strong>M<\/strong><\/td>\n<td>72 cm<\/td>\n<td>43,8 cm<\/td>\n<td>116 cm<\/td>\n<td>115 cm<\/td>\n<td>114 cm<\/td>\n<\/tr>\n<tr>\n<td><strong>L<\/strong><\/td>\n<td>74 cm<\/td>\n<td>45 cm<\/td>\n<td>120 cm<\/td>\n<td>119 cm<\/td>\n<td>118 cm<\/td>\n<\/tr>\n<\/tbody>\n<\/table>\n<p><a title=\"Zero Down Vest\" href=\"https:\/\/youtu.be\/sghOnKILT5I#Zero%20Down%20Vest\"><img decoding=\"async\" title=\"\" src=\"https:\/\/avanzakayak.com\/img\/image-155.png\" alt=\"\" \/><\/a><\/p>\n<p>&nbsp;<\/p>","protected":false},"excerpt":{"rendered":"<p><strong>Flextailgear Zero Down Vest<\/strong>\u00a0\u00e4r en luftfylld v\u00e4st som ger anv\u00e4ndaren m\u00f6jligheten att reglera v\u00e4rmeniv\u00e5. Det traditionella dunet har ersatts med luftkamrar, som bl\u00e5ses upp genom ett luftmunstycke vilket g\u00f6r Zero Down Vest b\u00e5de milj\u00f6v\u00e4nlig och varm. Zero Down Vest \u00e4r framst\u00e4lld med en innovativ v\u00e4vproduktionsteknik.<\/p>","protected":false},"featured_media":18627,"comment_status":"open","ping_status":"closed","template":"","meta":[],"product_cat":[89],"product_tag":[],"_links":{"self":[{"href":"https:\/\/avanzakayak.witty-fox.com\/sv\/wp-json\/wp\/v2\/product\/17832"}],"collection":[{"href":"https:\/\/avanzakayak.witty-fox.com\/sv\/wp-json\/wp\/v2\/product"}],"about":[{"href":"https:\/\/avanzakayak.witty-fox.com\/sv\/wp-json\/wp\/v2\/types\/product"}],"replies":[{"embeddable":true,"href":"https:\/\/avanzakayak.witty-fox.com\/sv\/wp-json\/wp\/v2\/comments?post=17832"}],"version-history":[{"count":4,"href":"https:\/\/avanzakayak.witty-fox.com\/sv\/wp-json\/wp\/v2\/product\/17832\/revisions"}],"predecessor-version":[{"id":18626,"href":"https:\/\/avanzakayak.witty-fox.com\/sv\/wp-json\/wp\/v2\/product\/17832\/revisions\/18626"}],"wp:featuredmedia":[{"embeddable":true,"href":"https:\/\/avanzakayak.witty-fox.com\/sv\/wp-json\/wp\/v2\/media\/18627"}],"wp:attachment":[{"href":"https:\/\/avanzakayak.witty-fox.com\/sv\/wp-json\/wp\/v2\/media?parent=17832"}],"wp:term":[{"taxonomy":"product_cat","embeddable":true,"href":"https:\/\/avanzakayak.witty-fox.com\/sv\/wp-json\/wp\/v2\/product_cat?post=17832"},{"taxonomy":"product_tag","embeddable":true,"href":"https:\/\/avanzakayak.witty-fox.com\/sv\/wp-json\/wp\/v2\/product_tag?post=17832"}],"curies":[{"name":"wp","href":"https:\/\/api.w.org\/{rel}","templated":true}]}}