{"id":17827,"date":"2024-01-13T12:03:12","date_gmt":"2024-01-13T12:03:12","guid":{"rendered":"https:\/\/avanzakayak.witty-fox.com\/?post_type=product&#038;p=17827"},"modified":"2024-01-13T12:03:31","modified_gmt":"2024-01-13T12:03:31","slug":"padler-paddeljacka-ar-en-latt-och-smidig-jacka-for-tranings-och-touringpaddling","status":"publish","type":"product","link":"https:\/\/avanzakayak.witty-fox.com\/sv\/produkt\/padler-paddeljacka-ar-en-latt-och-smidig-jacka-for-tranings-och-touringpaddling\/","title":{"rendered":"Padler paddeljacka\u00a0\u00e4r en l\u00e4tt och smidig jacka f\u00f6r tr\u00e4nings- och touringpaddling."},"content":{"rendered":"","protected":false},"excerpt":{"rendered":"<p><strong>Padler paddeljacka<\/strong>\u00a0\u00e4r en l\u00e4tt och smidig jacka f\u00f6r tr\u00e4nings- och touringpaddling. Tillverkad i ripstop nylonv\u00e4v som andas. Har tejpade s\u00f6mmar och neopren i \u00e4rmar och halskrage.<\/p>\n<p><strong>Storlek: S, M, L och XL. <\/strong><\/p>\n<p><strong>F\u00e4rg: Orange.<\/strong><\/p>\n<p>Pris: 960:-<\/p>\n<p>\u200b<\/p>\n<p>\u200b<\/p>","protected":false},"featured_media":17830,"comment_status":"open","ping_status":"closed","template":"","meta":[],"product_cat":[89],"product_tag":[],"_links":{"self":[{"href":"https:\/\/avanzakayak.witty-fox.com\/sv\/wp-json\/wp\/v2\/product\/17827"}],"collection":[{"href":"https:\/\/avanzakayak.witty-fox.com\/sv\/wp-json\/wp\/v2\/product"}],"about":[{"href":"https:\/\/avanzakayak.witty-fox.com\/sv\/wp-json\/wp\/v2\/types\/product"}],"replies":[{"embeddable":true,"href":"https:\/\/avanzakayak.witty-fox.com\/sv\/wp-json\/wp\/v2\/comments?post=17827"}],"version-history":[{"count":1,"href":"https:\/\/avanzakayak.witty-fox.com\/sv\/wp-json\/wp\/v2\/product\/17827\/revisions"}],"predecessor-version":[{"id":17831,"href":"https:\/\/avanzakayak.witty-fox.com\/sv\/wp-json\/wp\/v2\/product\/17827\/revisions\/17831"}],"wp:featuredmedia":[{"embeddable":true,"href":"https:\/\/avanzakayak.witty-fox.com\/sv\/wp-json\/wp\/v2\/media\/17830"}],"wp:attachment":[{"href":"https:\/\/avanzakayak.witty-fox.com\/sv\/wp-json\/wp\/v2\/media?parent=17827"}],"wp:term":[{"taxonomy":"product_cat","embeddable":true,"href":"https:\/\/avanzakayak.witty-fox.com\/sv\/wp-json\/wp\/v2\/product_cat?post=17827"},{"taxonomy":"product_tag","embeddable":true,"href":"https:\/\/avanzakayak.witty-fox.com\/sv\/wp-json\/wp\/v2\/product_tag?post=17827"}],"curies":[{"name":"wp","href":"https:\/\/api.w.org\/{rel}","templated":true}]}}