{"id":17814,"date":"2024-01-13T11:38:28","date_gmt":"2024-01-13T11:38:28","guid":{"rendered":"https:\/\/avanzakayak.witty-fox.com\/?post_type=product&#038;p=17814"},"modified":"2024-01-15T13:43:50","modified_gmt":"2024-01-15T13:43:50","slug":"visselpipa-med-kompass-ar-bra-att-ha-ute-pa-sjon-eller-pa-vandringsturen-av-sakerhetsskal","status":"publish","type":"product","link":"https:\/\/avanzakayak.witty-fox.com\/sv\/produkt\/visselpipa-med-kompass-ar-bra-att-ha-ute-pa-sjon-eller-pa-vandringsturen-av-sakerhetsskal\/","title":{"rendered":"Visselpipa med kompass"},"content":{"rendered":"","protected":false},"excerpt":{"rendered":"<p><strong>Visselpipa med kompass<\/strong>\u00a0\u00e4r bra att ha ute p\u00e5 sj\u00f6n eller\u00a0p\u00e5 vandringsturen av s\u00e4kerhetssk\u00e4l. F\u00e4stes p\u00e5 flytv\u00e4st, dragkedja etc. Visselpipa \u00e4r liten, kompakt och ger ifr\u00e5n sig ett starkt ljud.<\/p>\n<p>F\u00e4rg: Gr\u00e5.<\/p>","protected":false},"featured_media":17815,"comment_status":"open","ping_status":"closed","template":"","meta":[],"product_cat":[87,91,142],"product_tag":[],"_links":{"self":[{"href":"https:\/\/avanzakayak.witty-fox.com\/sv\/wp-json\/wp\/v2\/product\/17814"}],"collection":[{"href":"https:\/\/avanzakayak.witty-fox.com\/sv\/wp-json\/wp\/v2\/product"}],"about":[{"href":"https:\/\/avanzakayak.witty-fox.com\/sv\/wp-json\/wp\/v2\/types\/product"}],"replies":[{"embeddable":true,"href":"https:\/\/avanzakayak.witty-fox.com\/sv\/wp-json\/wp\/v2\/comments?post=17814"}],"version-history":[{"count":3,"href":"https:\/\/avanzakayak.witty-fox.com\/sv\/wp-json\/wp\/v2\/product\/17814\/revisions"}],"predecessor-version":[{"id":18194,"href":"https:\/\/avanzakayak.witty-fox.com\/sv\/wp-json\/wp\/v2\/product\/17814\/revisions\/18194"}],"wp:featuredmedia":[{"embeddable":true,"href":"https:\/\/avanzakayak.witty-fox.com\/sv\/wp-json\/wp\/v2\/media\/17815"}],"wp:attachment":[{"href":"https:\/\/avanzakayak.witty-fox.com\/sv\/wp-json\/wp\/v2\/media?parent=17814"}],"wp:term":[{"taxonomy":"product_cat","embeddable":true,"href":"https:\/\/avanzakayak.witty-fox.com\/sv\/wp-json\/wp\/v2\/product_cat?post=17814"},{"taxonomy":"product_tag","embeddable":true,"href":"https:\/\/avanzakayak.witty-fox.com\/sv\/wp-json\/wp\/v2\/product_tag?post=17814"}],"curies":[{"name":"wp","href":"https:\/\/api.w.org\/{rel}","templated":true}]}}