{"id":17807,"date":"2024-01-13T11:32:42","date_gmt":"2024-01-13T11:32:42","guid":{"rendered":"https:\/\/avanzakayak.witty-fox.com\/?post_type=product&#038;p=17807"},"modified":"2024-01-13T11:32:51","modified_gmt":"2024-01-13T11:32:51","slug":"baltic-outdoor-specialvast-for-fiske-tre-utvandiga-fickor","status":"publish","type":"product","link":"https:\/\/avanzakayak.witty-fox.com\/sv\/produkt\/baltic-outdoor-specialvast-for-fiske-tre-utvandiga-fickor\/","title":{"rendered":"Baltic Outdoor. Specialv\u00e4st f\u00f6r fiske. Tre utv\u00e4ndiga fickor."},"content":{"rendered":"<p><strong>Baltic Outdoor.<\/strong> Specialv\u00e4st f\u00f6r fiske. Tre utv\u00e4ndiga fickor.<\/p>\n<p><strong>F\u00e4stkrok f\u00f6r t ex h\u00e5v.\u00a0<\/strong><\/p>\n<p><strong>Flytf\u00f6rm\u00e5ga: 50N. F\u00e4rg: Gr\u00f6n.<\/strong><\/p>\n<p><strong>Storlek:<\/strong><\/p>\n<p>M.\u00a0Br\u00f6stm\u00e5tt: 77-103 cm. Vikt: 50-70\u00a0kg\u00a0<strong>SLUT<\/strong><\/p>\n<p>L.\u00a0Br\u00f6stm\u00e5tt: 89-115 cm. Vikt: 70-90\u00a0kg<\/p>\n<p>XL.\u00a0Br\u00f6stm\u00e5tt: 115- cm. Vikt: 90-\u00a0kg<\/p>\n<p>Pris:\u00a0690:-<\/p>\n<p>\u200b<\/p>","protected":false},"excerpt":{"rendered":"<p><strong>Baltic Outdoor.<\/strong> Specialv\u00e4st f\u00f6r fiske. Tre utv\u00e4ndiga fickor.<\/p>","protected":false},"featured_media":17808,"comment_status":"open","ping_status":"closed","template":"","meta":[],"product_cat":[87],"product_tag":[],"_links":{"self":[{"href":"https:\/\/avanzakayak.witty-fox.com\/sv\/wp-json\/wp\/v2\/product\/17807"}],"collection":[{"href":"https:\/\/avanzakayak.witty-fox.com\/sv\/wp-json\/wp\/v2\/product"}],"about":[{"href":"https:\/\/avanzakayak.witty-fox.com\/sv\/wp-json\/wp\/v2\/types\/product"}],"replies":[{"embeddable":true,"href":"https:\/\/avanzakayak.witty-fox.com\/sv\/wp-json\/wp\/v2\/comments?post=17807"}],"version-history":[{"count":1,"href":"https:\/\/avanzakayak.witty-fox.com\/sv\/wp-json\/wp\/v2\/product\/17807\/revisions"}],"predecessor-version":[{"id":17809,"href":"https:\/\/avanzakayak.witty-fox.com\/sv\/wp-json\/wp\/v2\/product\/17807\/revisions\/17809"}],"wp:featuredmedia":[{"embeddable":true,"href":"https:\/\/avanzakayak.witty-fox.com\/sv\/wp-json\/wp\/v2\/media\/17808"}],"wp:attachment":[{"href":"https:\/\/avanzakayak.witty-fox.com\/sv\/wp-json\/wp\/v2\/media?parent=17807"}],"wp:term":[{"taxonomy":"product_cat","embeddable":true,"href":"https:\/\/avanzakayak.witty-fox.com\/sv\/wp-json\/wp\/v2\/product_cat?post=17807"},{"taxonomy":"product_tag","embeddable":true,"href":"https:\/\/avanzakayak.witty-fox.com\/sv\/wp-json\/wp\/v2\/product_tag?post=17807"}],"curies":[{"name":"wp","href":"https:\/\/api.w.org\/{rel}","templated":true}]}}