{"id":17804,"date":"2024-01-13T11:29:28","date_gmt":"2024-01-13T11:29:28","guid":{"rendered":"https:\/\/avanzakayak.witty-fox.com\/?post_type=product&#038;p=17804"},"modified":"2024-01-13T11:30:34","modified_gmt":"2024-01-13T11:30:34","slug":"baltic-x3-ar-en-valsittande-och-smidig-paddel-och-jollevast-justerbara-vadderade-axelband-faste-for-grenband","status":"publish","type":"product","link":"https:\/\/avanzakayak.witty-fox.com\/sv\/produkt\/baltic-x3-ar-en-valsittande-och-smidig-paddel-och-jollevast-justerbara-vadderade-axelband-faste-for-grenband\/","title":{"rendered":"Baltic X3\u00a0\u00e4r en v\u00e4lsittande och smidig paddel- och jollev\u00e4st. Justerbara, vadderade axelband, f\u00e4ste f\u00f6r grenband,"},"content":{"rendered":"<p><strong>Baltic X3<\/strong>\u00a0\u00e4r en v\u00e4lsittande och smidig paddel- och jollev\u00e4st. Justerbara, vadderade axelband, f\u00e4ste f\u00f6r grenband, justering i sidorna, dragkedjef\u00f6rsedd f\u00f6rvaringsficka p\u00e5 br\u00f6stet och dragkedjest\u00e4ngning av v\u00e4sten i sidan. Flytelementens position ger maximal r\u00f6relsefrihet.<\/p>\n<p><strong>Flytf\u00f6rm\u00e5ga: 50N. <\/strong><\/p>\n<p><strong>F\u00e4rg: Neon\/Svart.<\/strong><\/p>\n<p><strong>Storlek:<\/strong><\/p>\n<p>M.\u00a0Br\u00f6stm\u00e5tt: 77-103 cm. Vikt: 50-70\u00a0kg<\/p>\n<p>L.\u00a0Br\u00f6stm\u00e5tt: 89-115 cm. Vikt: 70-90\u00a0kg SLUT<\/p>\n<p>XL.\u00a0Br\u00f6stm\u00e5tt: 115- cm. Vikt: 90-\u00a0kg SLUT<\/p>\n<p>Pris: 420:-<\/p>\n<p>\u200b<\/p>","protected":false},"excerpt":{"rendered":"<p><strong>Baltic X3<\/strong>\u00a0\u00e4r en v\u00e4lsittande och smidig paddel- och jollev\u00e4st. Justerbara, vadderade axelband, f\u00e4ste f\u00f6r grenband, justering i sidorna, dragkedjef\u00f6rsedd f\u00f6rvaringsficka p\u00e5 br\u00f6stet och dragkedjest\u00e4ngning av v\u00e4sten i sidan. Flytelementens position ger maximal r\u00f6relsefrihet.<\/p>","protected":false},"featured_media":17805,"comment_status":"open","ping_status":"closed","template":"","meta":[],"product_cat":[87],"product_tag":[],"_links":{"self":[{"href":"https:\/\/avanzakayak.witty-fox.com\/sv\/wp-json\/wp\/v2\/product\/17804"}],"collection":[{"href":"https:\/\/avanzakayak.witty-fox.com\/sv\/wp-json\/wp\/v2\/product"}],"about":[{"href":"https:\/\/avanzakayak.witty-fox.com\/sv\/wp-json\/wp\/v2\/types\/product"}],"replies":[{"embeddable":true,"href":"https:\/\/avanzakayak.witty-fox.com\/sv\/wp-json\/wp\/v2\/comments?post=17804"}],"version-history":[{"count":1,"href":"https:\/\/avanzakayak.witty-fox.com\/sv\/wp-json\/wp\/v2\/product\/17804\/revisions"}],"predecessor-version":[{"id":17806,"href":"https:\/\/avanzakayak.witty-fox.com\/sv\/wp-json\/wp\/v2\/product\/17804\/revisions\/17806"}],"wp:featuredmedia":[{"embeddable":true,"href":"https:\/\/avanzakayak.witty-fox.com\/sv\/wp-json\/wp\/v2\/media\/17805"}],"wp:attachment":[{"href":"https:\/\/avanzakayak.witty-fox.com\/sv\/wp-json\/wp\/v2\/media?parent=17804"}],"wp:term":[{"taxonomy":"product_cat","embeddable":true,"href":"https:\/\/avanzakayak.witty-fox.com\/sv\/wp-json\/wp\/v2\/product_cat?post=17804"},{"taxonomy":"product_tag","embeddable":true,"href":"https:\/\/avanzakayak.witty-fox.com\/sv\/wp-json\/wp\/v2\/product_tag?post=17804"}],"curies":[{"name":"wp","href":"https:\/\/api.w.org\/{rel}","templated":true}]}}