{"id":17796,"date":"2024-01-13T11:16:56","date_gmt":"2024-01-13T11:16:56","guid":{"rendered":"https:\/\/avanzakayak.witty-fox.com\/?post_type=product&#038;p=17796"},"modified":"2024-01-13T11:17:07","modified_gmt":"2024-01-13T11:17:07","slug":"kanuk-flytvast-407-en-flytvast-som-ar-specialdesignad-for-dig-som-paddlar-kanadensare","status":"publish","type":"product","link":"https:\/\/avanzakayak.witty-fox.com\/sv\/produkt\/kanuk-flytvast-407-en-flytvast-som-ar-specialdesignad-for-dig-som-paddlar-kanadensare\/","title":{"rendered":"Kanuk Flytv\u00e4st 407. En flytv\u00e4st som \u00e4r specialdesignad f\u00f6r dig som paddlar kanadensare,"},"content":{"rendered":"<p><strong>Kanuk Flytv\u00e4st 407<\/strong>. En flytv\u00e4st som \u00e4r specialdesignad f\u00f6r dig som paddlar kanadensare, men \u00e4ven omtyckt av kajakpaddlare som vill ha en enklare v\u00e4st. Den \u00e4r kort i midjan f\u00f6r att inte hindra rotationen n\u00e4r du paddlar. V\u00e4sten \u00e4r gul fram och bak f\u00f6r att du ska synas p\u00e5 sj\u00f6n. V\u00e4sten har \u00e4ven ett l\u00f6stagbart grenband, som extra s\u00e4kerhet. F\u00e4stpunkter fram och bak f\u00f6r att kunna f\u00e4sta t ex drickav\u00e4ska. F\u00e4rg: Svart\/Gul.<\/p>\n<p><strong>Storlek:<\/strong><\/p>\n<p>M. Vikt: 50-70\u00a0kg<\/p>\n<p>L. Vikt: 70+\u00a0kg<\/p>\n<p>Pris: 520:-<\/p>\n<p>\u200b<\/p>\n<p>\u200b<\/p>","protected":false},"excerpt":{"rendered":"<p><strong>Kanuk Flytv\u00e4st 407<\/strong>. En flytv\u00e4st som \u00e4r specialdesignad f\u00f6r dig som paddlar kanadensare, men \u00e4ven omtyckt av kajakpaddlare som vill ha en enklare v\u00e4st. Den \u00e4r kort i midjan f\u00f6r att inte hindra rotationen n\u00e4r du paddlar.<\/p>","protected":false},"featured_media":17797,"comment_status":"open","ping_status":"closed","template":"","meta":[],"product_cat":[87],"product_tag":[],"_links":{"self":[{"href":"https:\/\/avanzakayak.witty-fox.com\/sv\/wp-json\/wp\/v2\/product\/17796"}],"collection":[{"href":"https:\/\/avanzakayak.witty-fox.com\/sv\/wp-json\/wp\/v2\/product"}],"about":[{"href":"https:\/\/avanzakayak.witty-fox.com\/sv\/wp-json\/wp\/v2\/types\/product"}],"replies":[{"embeddable":true,"href":"https:\/\/avanzakayak.witty-fox.com\/sv\/wp-json\/wp\/v2\/comments?post=17796"}],"version-history":[{"count":1,"href":"https:\/\/avanzakayak.witty-fox.com\/sv\/wp-json\/wp\/v2\/product\/17796\/revisions"}],"predecessor-version":[{"id":17798,"href":"https:\/\/avanzakayak.witty-fox.com\/sv\/wp-json\/wp\/v2\/product\/17796\/revisions\/17798"}],"wp:featuredmedia":[{"embeddable":true,"href":"https:\/\/avanzakayak.witty-fox.com\/sv\/wp-json\/wp\/v2\/media\/17797"}],"wp:attachment":[{"href":"https:\/\/avanzakayak.witty-fox.com\/sv\/wp-json\/wp\/v2\/media?parent=17796"}],"wp:term":[{"taxonomy":"product_cat","embeddable":true,"href":"https:\/\/avanzakayak.witty-fox.com\/sv\/wp-json\/wp\/v2\/product_cat?post=17796"},{"taxonomy":"product_tag","embeddable":true,"href":"https:\/\/avanzakayak.witty-fox.com\/sv\/wp-json\/wp\/v2\/product_tag?post=17796"}],"curies":[{"name":"wp","href":"https:\/\/api.w.org\/{rel}","templated":true}]}}