{"id":17781,"date":"2024-01-13T10:51:34","date_gmt":"2024-01-13T10:51:34","guid":{"rendered":"https:\/\/avanzakayak.witty-fox.com\/?post_type=product&#038;p=17781"},"modified":"2024-01-13T10:57:50","modified_gmt":"2024-01-13T10:57:50","slug":"bok-mother-of-god-forf-paul-rosolie-en-fangslande-bok-som-dokumenterar-pauls-aventyr-in-i-djupet-av-vastra-amazonas","status":"publish","type":"product","link":"https:\/\/avanzakayak.witty-fox.com\/sv\/produkt\/bok-mother-of-god-forf-paul-rosolie-en-fangslande-bok-som-dokumenterar-pauls-aventyr-in-i-djupet-av-vastra-amazonas\/","title":{"rendered":"Bok &#8220;Mother of God&#8221; F\u00f6rf. Paul Rosolie. En f\u00e4ngslande bok, som dokumenterar Pauls \u00e4ventyr in i djupet av v\u00e4stra Amazonas."},"content":{"rendered":"","protected":false},"excerpt":{"rendered":"<p>Bok &#8220;Mother of God&#8221; F\u00f6rf. Paul Rosolie. En f\u00e4ngslande bok, som dokumenterar Pauls \u00e4ventyr in i djupet av v\u00e4stra Amazonas.<\/p>\n<p>Pris: 180:-<\/p>","protected":false},"featured_media":17782,"comment_status":"open","ping_status":"closed","template":"","meta":[],"product_cat":[107],"product_tag":[],"_links":{"self":[{"href":"https:\/\/avanzakayak.witty-fox.com\/sv\/wp-json\/wp\/v2\/product\/17781"}],"collection":[{"href":"https:\/\/avanzakayak.witty-fox.com\/sv\/wp-json\/wp\/v2\/product"}],"about":[{"href":"https:\/\/avanzakayak.witty-fox.com\/sv\/wp-json\/wp\/v2\/types\/product"}],"replies":[{"embeddable":true,"href":"https:\/\/avanzakayak.witty-fox.com\/sv\/wp-json\/wp\/v2\/comments?post=17781"}],"version-history":[{"count":1,"href":"https:\/\/avanzakayak.witty-fox.com\/sv\/wp-json\/wp\/v2\/product\/17781\/revisions"}],"predecessor-version":[{"id":17783,"href":"https:\/\/avanzakayak.witty-fox.com\/sv\/wp-json\/wp\/v2\/product\/17781\/revisions\/17783"}],"wp:featuredmedia":[{"embeddable":true,"href":"https:\/\/avanzakayak.witty-fox.com\/sv\/wp-json\/wp\/v2\/media\/17782"}],"wp:attachment":[{"href":"https:\/\/avanzakayak.witty-fox.com\/sv\/wp-json\/wp\/v2\/media?parent=17781"}],"wp:term":[{"taxonomy":"product_cat","embeddable":true,"href":"https:\/\/avanzakayak.witty-fox.com\/sv\/wp-json\/wp\/v2\/product_cat?post=17781"},{"taxonomy":"product_tag","embeddable":true,"href":"https:\/\/avanzakayak.witty-fox.com\/sv\/wp-json\/wp\/v2\/product_tag?post=17781"}],"curies":[{"name":"wp","href":"https:\/\/api.w.org\/{rel}","templated":true}]}}