{"id":17778,"date":"2024-01-13T10:43:45","date_gmt":"2024-01-13T10:43:45","guid":{"rendered":"https:\/\/avanzakayak.witty-fox.com\/?post_type=product&#038;p=17778"},"modified":"2024-01-13T10:43:45","modified_gmt":"2024-01-13T10:43:45","slug":"fran-svinesund-till-haparanda-i-havskajak-dagboksanteckningar-fran-237-mils-paddling-langs-med-sveriges-kust","status":"publish","type":"product","link":"https:\/\/avanzakayak.witty-fox.com\/sv\/produkt\/fran-svinesund-till-haparanda-i-havskajak-dagboksanteckningar-fran-237-mils-paddling-langs-med-sveriges-kust\/","title":{"rendered":"Fr\u00e5n Svinesund till Haparanda i havskajak. Dagboksanteckningar fr\u00e5n 237 mils paddling l\u00e4ngs med Sveriges kust."},"content":{"rendered":"<p>&nbsp;<\/p>\n<p>\u200b<\/p>","protected":false},"excerpt":{"rendered":"<p><strong>Fr\u00e5n Svinesund till Haparanda i havskajak<\/strong>. Dagboksanteckningar fr\u00e5n 237 mils paddling l\u00e4ngs med Sveriges kust.<\/p>\n<p>\u200bF\u00f6rfattare: Bengt Larsson. Antal sidor: 265.<\/p>\n<p>Pris: 80:-\u00a0(ord pris 160:-)<\/p>","protected":false},"featured_media":17779,"comment_status":"open","ping_status":"closed","template":"","meta":[],"product_cat":[107],"product_tag":[],"_links":{"self":[{"href":"https:\/\/avanzakayak.witty-fox.com\/sv\/wp-json\/wp\/v2\/product\/17778"}],"collection":[{"href":"https:\/\/avanzakayak.witty-fox.com\/sv\/wp-json\/wp\/v2\/product"}],"about":[{"href":"https:\/\/avanzakayak.witty-fox.com\/sv\/wp-json\/wp\/v2\/types\/product"}],"replies":[{"embeddable":true,"href":"https:\/\/avanzakayak.witty-fox.com\/sv\/wp-json\/wp\/v2\/comments?post=17778"}],"version-history":[{"count":1,"href":"https:\/\/avanzakayak.witty-fox.com\/sv\/wp-json\/wp\/v2\/product\/17778\/revisions"}],"predecessor-version":[{"id":17780,"href":"https:\/\/avanzakayak.witty-fox.com\/sv\/wp-json\/wp\/v2\/product\/17778\/revisions\/17780"}],"wp:featuredmedia":[{"embeddable":true,"href":"https:\/\/avanzakayak.witty-fox.com\/sv\/wp-json\/wp\/v2\/media\/17779"}],"wp:attachment":[{"href":"https:\/\/avanzakayak.witty-fox.com\/sv\/wp-json\/wp\/v2\/media?parent=17778"}],"wp:term":[{"taxonomy":"product_cat","embeddable":true,"href":"https:\/\/avanzakayak.witty-fox.com\/sv\/wp-json\/wp\/v2\/product_cat?post=17778"},{"taxonomy":"product_tag","embeddable":true,"href":"https:\/\/avanzakayak.witty-fox.com\/sv\/wp-json\/wp\/v2\/product_tag?post=17778"}],"curies":[{"name":"wp","href":"https:\/\/api.w.org\/{rel}","templated":true}]}}