{"id":17775,"date":"2024-01-13T10:39:31","date_gmt":"2024-01-13T10:39:31","guid":{"rendered":"https:\/\/avanzakayak.witty-fox.com\/?post_type=product&#038;p=17775"},"modified":"2024-01-13T10:39:31","modified_gmt":"2024-01-13T10:39:31","slug":"det-har-ar-den-fantastiska-berattelsen-om-arthur-gatuhunden-som-lamnade-djungeln-och-hittade-hem","status":"publish","type":"product","link":"https:\/\/avanzakayak.witty-fox.com\/sv\/produkt\/det-har-ar-den-fantastiska-berattelsen-om-arthur-gatuhunden-som-lamnade-djungeln-och-hittade-hem\/","title":{"rendered":"Det h\u00e4r \u00e4r den fantastiska ber\u00e4ttelsen om\u00a0Arthur &#8211; gatuhunden som l\u00e4mnade djungeln och hittade hem."},"content":{"rendered":"<p>Det h\u00e4r \u00e4r den fantastiska ber\u00e4ttelsen om\u00a0<strong>Arthur &#8211; gatuhunden som l\u00e4mnade djungeln och hittade hem.<\/strong>\u00a0Hem till elitidrottaren\u00a0<strong>Mikael Lindnord\u00a0<\/strong>i \u00d6rnsk\u00f6ldsvik. Antal sidor: 254.<\/p>\n<p>\u200b<\/p>\n<p>De utmattade svenska multisportarna befann sig mitt i regnskogen i Ecuador under VM. De skulle ha en kort vila innan n\u00e4sta stenh\u00e5rda pass tog vid &#8211; flera dagars l\u00f6pning, cykling och forsr\u00e4nning i ol\u00e4ndig terr\u00e4ng v\u00e4ntade h\u00e4rn\u00e4st. Leriga, tr\u00f6tta och hungriga b\u00f6rjade de tillaga sin m\u00e5ltid som bestod av k\u00f6ttbullar n\u00e4r landslagets ledare, Mikael Lindnord, fick syn p\u00e5 en tilltufsad vilsekommen hund. Han sl\u00e4ngde \u00e5t hunden en k\u00f6ttbulle och t\u00e4nkte inte mer p\u00e5 saken.<\/p>\n<p>\u200b<\/p>\n<p>Det var f\u00f6rst senare, under det n\u00e4rmare 700 kilometer l\u00e5nga loppet, som Mikael ins\u00e5g att hunden f\u00f6ljde efter dem och gav honom namnet Arthur. Uppf\u00f6r h\u00f6ga berg, \u00f6ver leriga f\u00e4lt och simmande i iskallt vatten k\u00e4mpade Arthur vid sidan av laget. Utm\u00e4rglad och skadad h\u00f6ll han j\u00e4mna steg med de topptr\u00e4nade atleterna och vek inte en tum fr\u00e5n deras sida.<\/p>\n<p>Pris: 170:-<\/p>","protected":false},"excerpt":{"rendered":"<p>Det h\u00e4r \u00e4r den fantastiska ber\u00e4ttelsen om\u00a0<strong>Arthur &#8211; gatuhunden som l\u00e4mnade djungeln och hittade hem.<\/strong>\u00a0Hem till elitidrottaren\u00a0<strong>Mikael Lindnord\u00a0<\/strong>i \u00d6rnsk\u00f6ldsvik. Antal sidor: 254.<\/p>","protected":false},"featured_media":17776,"comment_status":"open","ping_status":"closed","template":"","meta":[],"product_cat":[107],"product_tag":[],"_links":{"self":[{"href":"https:\/\/avanzakayak.witty-fox.com\/sv\/wp-json\/wp\/v2\/product\/17775"}],"collection":[{"href":"https:\/\/avanzakayak.witty-fox.com\/sv\/wp-json\/wp\/v2\/product"}],"about":[{"href":"https:\/\/avanzakayak.witty-fox.com\/sv\/wp-json\/wp\/v2\/types\/product"}],"replies":[{"embeddable":true,"href":"https:\/\/avanzakayak.witty-fox.com\/sv\/wp-json\/wp\/v2\/comments?post=17775"}],"version-history":[{"count":1,"href":"https:\/\/avanzakayak.witty-fox.com\/sv\/wp-json\/wp\/v2\/product\/17775\/revisions"}],"predecessor-version":[{"id":17777,"href":"https:\/\/avanzakayak.witty-fox.com\/sv\/wp-json\/wp\/v2\/product\/17775\/revisions\/17777"}],"wp:featuredmedia":[{"embeddable":true,"href":"https:\/\/avanzakayak.witty-fox.com\/sv\/wp-json\/wp\/v2\/media\/17776"}],"wp:attachment":[{"href":"https:\/\/avanzakayak.witty-fox.com\/sv\/wp-json\/wp\/v2\/media?parent=17775"}],"wp:term":[{"taxonomy":"product_cat","embeddable":true,"href":"https:\/\/avanzakayak.witty-fox.com\/sv\/wp-json\/wp\/v2\/product_cat?post=17775"},{"taxonomy":"product_tag","embeddable":true,"href":"https:\/\/avanzakayak.witty-fox.com\/sv\/wp-json\/wp\/v2\/product_tag?post=17775"}],"curies":[{"name":"wp","href":"https:\/\/api.w.org\/{rel}","templated":true}]}}